{"id":144,"date":"2017-12-17T23:09:11","date_gmt":"2017-12-17T22:09:11","guid":{"rendered":"http:\/\/theatre-cancoillotte.fr\/?page_id=144"},"modified":"2022-11-16T14:40:39","modified_gmt":"2022-11-16T13:40:39","slug":"lenvers-du-decor","status":"publish","type":"page","link":"http:\/\/theatre-cancoillotte.fr\/index.php\/lenvers-du-decor\/","title":{"rendered":"L&rsquo;envers  du d\u00e9cor"},"content":{"rendered":"<p><img fetchpriority=\"high\" decoding=\"async\" class=\"alignnone size-full wp-image-1314\" src=\"http:\/\/theatre-cancoillotte.fr\/wp-content\/uploads\/2022\/11\/decor.jpg\" alt=\"\" width=\"600\" height=\"100\" srcset=\"http:\/\/theatre-cancoillotte.fr\/wp-content\/uploads\/2022\/11\/decor.jpg 600w, http:\/\/theatre-cancoillotte.fr\/wp-content\/uploads\/2022\/11\/decor-300x50.jpg 300w\" sizes=\"(max-width: 600px) 100vw, 600px\" \/><\/p>\n<p>Comment travaillons-nous ?<\/p>\n<p>Comment se pr\u00e9pare une pi\u00e8ce de th\u00e9\u00e2tre ?<\/p>\n<p>Que font les b\u00e9n\u00e9voles ?<\/p>\n<p>Bonne question, car lorsque vous voyez en fin de spectacle vingt ou trente personnes envahir la sc\u00e8ne, c&rsquo;est que tous ont un r\u00f4le dans la r\u00e9ussite des projets : accessoiristes, maquilleuses, souffleuses, costumi\u00e8res, metteurs en sc\u00e8ne,\u00a0 &#8230; Voici donc quelques fonctions racont\u00e9es par ceux et celles qui les ont remplies.<\/p>\n<p><em><strong><span style=\"color: #0000ff;\">L\u2019Art de Souffler<\/span><\/strong><\/em><\/p>\n<p>Par Dominique Baudiquey <img decoding=\"async\" class=\"alignnone size-full wp-image-432\" src=\"http:\/\/theatre-cancoillotte.fr\/wp-content\/uploads\/2018\/01\/dom.jpg\" alt=\"\" width=\"132\" height=\"162\" \/><\/p>\n<p>Ouf\u00a0! que je m\u2019\u00e9tais dit\u00a0; cette ann\u00e9e, pas de texte \u00e0 apprendre, pas de d\u00e9placements \u00e0 se rentrer dans la t\u00eate \u2026 Les neurones qui me restent \u2026 au repos\u00a0! Pas d\u2019encasernement tous les lundis, tous les week-ends libres, pas de s\u00e9ance de maquillage, pas de stress \u2026 LE PIED\u00a0!<\/p>\n<p>Tu parles\u00a0! Premier soir en septembre\u00a0; les retrouvailles, on se bise, on discute, on aborde la pi\u00e8ce et PAF\u00a0! Big problem, gross Scheise \u2026 Il y a trois souffleurs et, comme les hirondelles, cette esp\u00e8ce-l\u00e0 va par deux, \u00e0 ce qu\u2019il para\u00eet\u00a0??<\/p>\n<p>Quatre, ce serait donc pas mal du tout \u2026 Qui est volontaire\u00a0?<\/p>\n<p>Silence, calme plat.<\/p>\n<p>Et, l\u2019air de rien, \u00ab\u00a0le chef\u00a0\u00bb me regarde, souriant narquoisement derri\u00e8re sa grosse moustache et me dit, badin\u00a0: \u00ab\u00a0\u00c7a ne te dirait pas de souffler\u00a0?\u00a0\u00bb<\/p>\n<p>Ben tiens\u00a0! Il y en a d\u2019autres dans les environs \u2026 Mais non, il ne me l\u00e2che pas et, devant mon h\u00e9sitation, il en rajoute un peu\u00a0: \u00ab\u00a0\u00c7a ne ferait qu\u2019un lundi par mois, et des demi-journ\u00e9es les week-ends de r\u00e9p\u00e8t \u2026\u00a0\u00bb<\/p>\n<p>Oui, non\u00a0? Les pauvres neurones, oblig\u00e9s de se reconnecter, discutent entre eux\u00a0: \u00ab\u00a0Ouais, bon, OK\u00a0!\u00a0\u00bb. Et pour me r\u00e9conforter, je me dis en moi-m\u00eame\u00a0: \u00ab\u00a0Cool \u00e7a te fera une exp\u00e9rience de plus\u00a0!\u00a0\u00bb<\/p>\n<p>Et c\u2019est parti &#8230; Ah mais, c\u2019est que ce n\u2019est pas si simple que \u00e7a, l\u2019art de la soufflerie\u00a0!!<\/p>\n<ul>\n<li>T\u2019as int\u00e9r\u00eat \u00e0 savoir lire et \u00e0 avoir de bonnes lunettes\u00a0!<\/li>\n<li>Il faut un index tr\u00e8s d\u00e9velopp\u00e9 pour suivre les r\u00e9pliques \u2026 Hey, E.T. can you help me\u00a0?<\/li>\n<li>Tu dois avoir une ou\u00efe parfaite \u2026 pour reconna\u00eetre les voix des acteurs\u00a0!<\/li>\n<li>Il faut aimer la solitude et ne pas avoir peur du noir \u2026 Ben oui, tu es toute seule dans ton trou et tu n\u2019as droit qu\u2019\u00e0 une toute petite lampe\u00a0!<\/li>\n<li>La pi\u00e8ce \u2026 jamais tu ne la vois, t\u2019as toujours le nez dans ton bouquin\u00a0!<\/li>\n<li>Tu attends \u2026 tu attends \u2026 \u00ab\u00a0THE TROU\u00a0\u00bb. Et, quand il y en a un, t\u2019as int\u00e9r\u00eat \u00e0 assurer\u00a0!<\/li>\n<li>Seul avantage\u00a0: tu peux rigoler toute seule en douce en entendant la pi\u00e8ce, personne ne te voit et \u2026 tu ne vois personne\u00a0!<\/li>\n<\/ul>\n<p>Mais tout \u00e7a mis \u00e0 part, finalement, la soufflerie, c\u2019est plut\u00f4t sympa. Surtout quand les acteurs savent leur texte, et l\u00e0, pour une premi\u00e8re, chapeau messieurs dames, vous avez \u00e9t\u00e9 bons et vous avez l\u2019art de retomber sur vos pieds\u00a0!!!<\/p>\n<p>Alors, exp\u00e9rience concluante\u00a0! Je vous remercie d\u2019avoir song\u00e9 \u00e0 une \u00ab\u00a0quatri\u00e8me\u00a0\u00bb. Une paire de rechange, \u00e7a peut servir.<\/p>\n<p>Depuis quelques ann\u00e9es (oh, pas beaucoup), j\u2019arrive \u00e0 exprimer ce que je ressens et, pour en finir, mes chers acteurs, mes chers coll\u00e8gues, ma troupe pr\u00e9f\u00e9r\u00e9e \u2026 (pourquoi, j\u2019en ai d\u2019autres\u00a0?), j\u2019ai envie de vous dire\u00a0:<\/p>\n<ul>\n<li>Qu\u2019est-ce que je suis bien avec vous et qu\u2019est-ce que je vous aime\u00a0!!<\/li>\n<li>I feel good with you and I love you so much\u00a0! (pour les bilingues\u00a0!)<\/li>\n<\/ul>\n<p>Mai 2007<\/p>\n<p>Dom.<\/p>\n","protected":false},"excerpt":{"rendered":"<p>Comment travaillons-nous ? Comment se pr\u00e9pare une pi\u00e8ce de th\u00e9\u00e2tre ? Que font les b\u00e9n\u00e9voles ? Bonne question, car lorsque vous voyez en fin de spectacle vingt ou trente personnes envahir la sc\u00e8ne, c&rsquo;est que tous ont un r\u00f4le dans la r\u00e9ussite des projets : accessoiristes, maquilleuses, souffleuses, costumi\u00e8res, metteurs en sc\u00e8ne,\u00a0 &#8230; Voici doncLire la suite &rarr;<\/p>\n","protected":false},"author":1,"featured_media":0,"parent":0,"menu_order":0,"comment_status":"closed","ping_status":"closed","template":"","meta":{"sfsi_plus_gutenberg_text_before_share":"","sfsi_plus_gutenberg_show_text_before_share":"","sfsi_plus_gutenberg_icon_type":"","sfsi_plus_gutenberg_icon_alignemt":"","sfsi_plus_gutenburg_max_per_row":"","footnotes":""},"class_list":["post-144","page","type-page","status-publish","hentry","no-thumb"],"_links":{"self":[{"href":"http:\/\/theatre-cancoillotte.fr\/index.php\/wp-json\/wp\/v2\/pages\/144","targetHints":{"allow":["GET"]}}],"collection":[{"href":"http:\/\/theatre-cancoillotte.fr\/index.php\/wp-json\/wp\/v2\/pages"}],"about":[{"href":"http:\/\/theatre-cancoillotte.fr\/index.php\/wp-json\/wp\/v2\/types\/page"}],"author":[{"embeddable":true,"href":"http:\/\/theatre-cancoillotte.fr\/index.php\/wp-json\/wp\/v2\/users\/1"}],"replies":[{"embeddable":true,"href":"http:\/\/theatre-cancoillotte.fr\/index.php\/wp-json\/wp\/v2\/comments?post=144"}],"version-history":[{"count":4,"href":"http:\/\/theatre-cancoillotte.fr\/index.php\/wp-json\/wp\/v2\/pages\/144\/revisions"}],"predecessor-version":[{"id":1316,"href":"http:\/\/theatre-cancoillotte.fr\/index.php\/wp-json\/wp\/v2\/pages\/144\/revisions\/1316"}],"wp:attachment":[{"href":"http:\/\/theatre-cancoillotte.fr\/index.php\/wp-json\/wp\/v2\/media?parent=144"}],"curies":[{"name":"wp","href":"https:\/\/api.w.org\/{rel}","templated":true}]}}