{"id":340,"date":"2018-01-24T14:01:53","date_gmt":"2018-01-24T13:01:53","guid":{"rendered":"http:\/\/theatre-cancoillotte.fr\/?page_id=340"},"modified":"2018-02-10T09:54:16","modified_gmt":"2018-02-10T08:54:16","slug":"autruche","status":"publish","type":"page","link":"http:\/\/theatre-cancoillotte.fr\/index.php\/autruche\/","title":{"rendered":"Meurtre \u00e0 l&rsquo;Autruche Bleue"},"content":{"rendered":"<p><strong><em><span style=\"color: #0000ff;\">Meurtre \u00e0 l&rsquo;Autruche Bleue<\/span><\/em><\/strong> est une pi\u00e8ce polici\u00e8re en deux actes de Jean-Philippe Decr\u00e8me.<\/p>\n<p><em><strong><span style=\"color: #0000ff;\">R\u00e9sum\u00e9<\/span><\/strong><\/em><\/p>\n<p>En deux actes, cette com\u00e9die polici\u00e8re raconte l&rsquo;escroquerie mont\u00e9e par Jacques. Ce dernier veut vendre un ch\u00e2teau qui n&rsquo;existe pas. Alors, il va s\u00e9duire la patronne de l&rsquo;auberge pour qu&rsquo;elle l&rsquo;aide. Or, dans cette auberge, se trouvent tous ceux qui en veulent \u00e0 Jacques : sa femme, ses deux ex-ma\u00eetresses, des personnes qu&rsquo;il a escroqu\u00e9es et le commissaire qui est \u00e0 sa recherche. Soit douze com\u00e9diens sur sc\u00e8ne.<\/p>\n<p>Les coups de feu vont pleuvoir dans cette auberge, mais les rires aussi<\/p>\n<p><em><strong><span style=\"color: #0000ff;\">Distribution \u00e0 la Cancoillotte<\/span><\/strong><\/em><\/p>\n<p>Mise en sc\u00e8ne : Jean Perrot<\/p>\n<p>JEAN BASTILLE : Pierre Arnaud<br \/>\nGINETTE MITARD : H\u00e9l\u00e8ne de Lachaise<br \/>\nJACQUES SIMON : Fran\u00e7ois Gilson<br \/>\nMARIA : Brigitte Borel<br \/>\nSOLANGE BRIEUX : Anne-Marie Perrot<br \/>\nALINE SIMON : V\u00e9ronique Labat<br \/>\nPIERRE DUNOYER : J\u00e9r\u00f4me Plancquaert<br \/>\nCAROLINE MARTAGON : Dominique Baudiquey<br \/>\nLUCE MARTAGON : Anne Rivoire<br \/>\nMAURICE DE SALANCHES : Andr\u00e9 Grosperrin<br \/>\nMARIANNE DE SALANCHES : Patricia Gottschalk<br \/>\nC\u00c9DRIC : Philippe Coste<\/p>\n<p><em><strong><span style=\"color: #0000ff;\">Affiche, flyer et photos<\/span><\/strong><\/em><\/p>\n<style type=\"text\/css\">\n#foogallery-gallery-339.fg-masonry .fg-item { width: 150px; }\n#foogallery-gallery-339.fg-masonry { --fg-gutter: 10px; }<\/style>\n\t\t\t<div class=\"foogallery foogallery-container foogallery-masonry foogallery-lightbox-foobox fg-center fg-masonry fg-ready fg-light fg-border-thin fg-shadow-outline fg-loading-default fg-loaded-fade-in fg-caption-hover fg-hover-fade fg-hover-zoom fg-fixed\" id=\"foogallery-gallery-339\" data-foogallery=\"{&quot;item&quot;:{&quot;showCaptionTitle&quot;:true,&quot;showCaptionDescription&quot;:true},&quot;lazy&quot;:true,&quot;template&quot;:{&quot;columnWidth&quot;:150,&quot;gutter&quot;:10}}\" style=\"--fg-title-line-clamp: 0; --fg-description-line-clamp: 0;\" >\n\t\t<div class=\"fg-item fg-type-image fg-idle\"><figure class=\"fg-item-inner\"><a href=\"http:\/\/theatre-cancoillotte.fr\/wp-content\/uploads\/2018\/02\/Autruche-Affiche.jpg\" data-attachment-id=\"764\" data-e-disable-page-transition=\"true\" data-type=\"image\" class=\"fg-thumb\"><span class=\"fg-image-wrap\"><img decoding=\"async\" width=\"150\" height=\"326\" class=\"skip-lazy fg-image\" data-src-fg=\"http:\/\/theatre-cancoillotte.fr\/wp-content\/uploads\/cache\/2018\/02\/Autruche-Affiche\/3058730753.jpg\" src=\"data:image\/svg+xml,%3Csvg%20xmlns%3D%22http%3A%2F%2Fwww.w3.org%2F2000%2Fsvg%22%20width%3D%22150%22%20height%3D%22326%22%20viewBox%3D%220%200%20150%20326%22%3E%3C%2Fsvg%3E\" loading=\"eager\"><\/span><span class=\"fg-image-overlay\"><\/span><\/a><\/figure><div class=\"fg-loader\"><\/div><\/div><div class=\"fg-item fg-type-image fg-idle\"><figure class=\"fg-item-inner\"><a href=\"http:\/\/theatre-cancoillotte.fr\/wp-content\/uploads\/2018\/01\/Autruche-Flyer-verso-1.jpg\" data-attachment-id=\"338\" data-e-disable-page-transition=\"true\" data-type=\"image\" class=\"fg-thumb\"><span class=\"fg-image-wrap\"><img decoding=\"async\" width=\"150\" height=\"109\" class=\"skip-lazy fg-image\" data-src-fg=\"http:\/\/theatre-cancoillotte.fr\/wp-content\/uploads\/cache\/2018\/01\/Autruche-Flyer-verso-1\/1025850234.jpg\" src=\"data:image\/svg+xml,%3Csvg%20xmlns%3D%22http%3A%2F%2Fwww.w3.org%2F2000%2Fsvg%22%20width%3D%22150%22%20height%3D%22109%22%20viewBox%3D%220%200%20150%20109%22%3E%3C%2Fsvg%3E\" loading=\"eager\"><\/span><span class=\"fg-image-overlay\"><\/span><\/a><\/figure><div class=\"fg-loader\"><\/div><\/div><div class=\"fg-item fg-type-image fg-idle\"><figure class=\"fg-item-inner\"><a href=\"http:\/\/theatre-cancoillotte.fr\/wp-content\/uploads\/2018\/01\/Autruche-Flyer-recto-1.jpg\" data-attachment-id=\"337\" data-e-disable-page-transition=\"true\" data-type=\"image\" class=\"fg-thumb\"><span class=\"fg-image-wrap\"><img decoding=\"async\" width=\"150\" height=\"109\" class=\"skip-lazy fg-image\" data-src-fg=\"http:\/\/theatre-cancoillotte.fr\/wp-content\/uploads\/cache\/2018\/01\/Autruche-Flyer-recto-1\/3413332096.jpg\" src=\"data:image\/svg+xml,%3Csvg%20xmlns%3D%22http%3A%2F%2Fwww.w3.org%2F2000%2Fsvg%22%20width%3D%22150%22%20height%3D%22109%22%20viewBox%3D%220%200%20150%20109%22%3E%3C%2Fsvg%3E\" loading=\"eager\"><\/span><span class=\"fg-image-overlay\"><\/span><\/a><\/figure><div class=\"fg-loader\"><\/div><\/div><div class=\"fg-item fg-type-image fg-idle\"><figure class=\"fg-item-inner\"><a href=\"http:\/\/theatre-cancoillotte.fr\/wp-content\/uploads\/2018\/01\/Autruche-05.jpg\" data-attachment-id=\"336\" data-e-disable-page-transition=\"true\" data-type=\"image\" class=\"fg-thumb\"><span class=\"fg-image-wrap\"><img decoding=\"async\" width=\"150\" height=\"206\" class=\"skip-lazy fg-image\" data-src-fg=\"http:\/\/theatre-cancoillotte.fr\/wp-content\/uploads\/cache\/2018\/01\/Autruche-05\/3146625756.jpg\" src=\"data:image\/svg+xml,%3Csvg%20xmlns%3D%22http%3A%2F%2Fwww.w3.org%2F2000%2Fsvg%22%20width%3D%22150%22%20height%3D%22206%22%20viewBox%3D%220%200%20150%20206%22%3E%3C%2Fsvg%3E\" loading=\"eager\"><\/span><span class=\"fg-image-overlay\"><\/span><\/a><\/figure><div class=\"fg-loader\"><\/div><\/div><div class=\"fg-item fg-type-image fg-idle\"><figure class=\"fg-item-inner\"><a href=\"http:\/\/theatre-cancoillotte.fr\/wp-content\/uploads\/2018\/01\/Autruche-04.jpg\" data-attachment-id=\"335\" data-e-disable-page-transition=\"true\" data-type=\"image\" class=\"fg-thumb\"><span class=\"fg-image-wrap\"><img decoding=\"async\" width=\"150\" height=\"206\" class=\"skip-lazy fg-image\" data-src-fg=\"http:\/\/theatre-cancoillotte.fr\/wp-content\/uploads\/cache\/2018\/01\/Autruche-04\/303992243.jpg\" src=\"data:image\/svg+xml,%3Csvg%20xmlns%3D%22http%3A%2F%2Fwww.w3.org%2F2000%2Fsvg%22%20width%3D%22150%22%20height%3D%22206%22%20viewBox%3D%220%200%20150%20206%22%3E%3C%2Fsvg%3E\" loading=\"eager\"><\/span><span class=\"fg-image-overlay\"><\/span><\/a><\/figure><div class=\"fg-loader\"><\/div><\/div><div class=\"fg-item fg-type-image fg-idle\"><figure class=\"fg-item-inner\"><a href=\"http:\/\/theatre-cancoillotte.fr\/wp-content\/uploads\/2018\/01\/Autruche-03.jpg\" data-attachment-id=\"334\" data-e-disable-page-transition=\"true\" data-type=\"image\" class=\"fg-thumb\"><span class=\"fg-image-wrap\"><img decoding=\"async\" width=\"150\" height=\"206\" class=\"skip-lazy fg-image\" data-src-fg=\"http:\/\/theatre-cancoillotte.fr\/wp-content\/uploads\/cache\/2018\/01\/Autruche-03\/2367450170.jpg\" src=\"data:image\/svg+xml,%3Csvg%20xmlns%3D%22http%3A%2F%2Fwww.w3.org%2F2000%2Fsvg%22%20width%3D%22150%22%20height%3D%22206%22%20viewBox%3D%220%200%20150%20206%22%3E%3C%2Fsvg%3E\" loading=\"eager\"><\/span><span class=\"fg-image-overlay\"><\/span><\/a><\/figure><div class=\"fg-loader\"><\/div><\/div><div class=\"fg-item fg-type-image fg-idle\"><figure class=\"fg-item-inner\"><a href=\"http:\/\/theatre-cancoillotte.fr\/wp-content\/uploads\/2018\/01\/Autruche-02.jpg\" data-attachment-id=\"333\" data-e-disable-page-transition=\"true\" data-type=\"image\" class=\"fg-thumb\"><span class=\"fg-image-wrap\"><img decoding=\"async\" width=\"150\" height=\"206\" class=\"skip-lazy fg-image\" data-src-fg=\"http:\/\/theatre-cancoillotte.fr\/wp-content\/uploads\/cache\/2018\/01\/Autruche-02\/503577558.jpg\" src=\"data:image\/svg+xml,%3Csvg%20xmlns%3D%22http%3A%2F%2Fwww.w3.org%2F2000%2Fsvg%22%20width%3D%22150%22%20height%3D%22206%22%20viewBox%3D%220%200%20150%20206%22%3E%3C%2Fsvg%3E\" loading=\"eager\"><\/span><span class=\"fg-image-overlay\"><\/span><\/a><\/figure><div class=\"fg-loader\"><\/div><\/div><div class=\"fg-item fg-type-image fg-idle\"><figure class=\"fg-item-inner\"><a href=\"http:\/\/theatre-cancoillotte.fr\/wp-content\/uploads\/2018\/01\/Autruche-01.jpg\" data-attachment-id=\"332\" data-e-disable-page-transition=\"true\" data-type=\"image\" class=\"fg-thumb\"><span class=\"fg-image-wrap\"><img decoding=\"async\" width=\"150\" height=\"206\" class=\"skip-lazy fg-image\" data-src-fg=\"http:\/\/theatre-cancoillotte.fr\/wp-content\/uploads\/cache\/2018\/01\/Autruche-01\/88806565.jpg\" src=\"data:image\/svg+xml,%3Csvg%20xmlns%3D%22http%3A%2F%2Fwww.w3.org%2F2000%2Fsvg%22%20width%3D%22150%22%20height%3D%22206%22%20viewBox%3D%220%200%20150%20206%22%3E%3C%2Fsvg%3E\" loading=\"eager\"><\/span><span class=\"fg-image-overlay\"><\/span><\/a><\/figure><div class=\"fg-loader\"><\/div><\/div><\/div>\n","protected":false},"excerpt":{"rendered":"<p>Meurtre \u00e0 l&rsquo;Autruche Bleue est une pi\u00e8ce polici\u00e8re en deux actes de Jean-Philippe Decr\u00e8me. R\u00e9sum\u00e9 En deux actes, cette com\u00e9die polici\u00e8re raconte l&rsquo;escroquerie mont\u00e9e par Jacques. Ce dernier veut vendre un ch\u00e2teau qui n&rsquo;existe pas. Alors, il va s\u00e9duire la patronne de l&rsquo;auberge pour qu&rsquo;elle l&rsquo;aide. Or, dans cette auberge, se trouvent tous ceux quiLire la suite &rarr;<\/p>\n","protected":false},"author":1,"featured_media":0,"parent":0,"menu_order":0,"comment_status":"closed","ping_status":"closed","template":"","meta":{"sfsi_plus_gutenberg_text_before_share":"","sfsi_plus_gutenberg_show_text_before_share":"","sfsi_plus_gutenberg_icon_type":"","sfsi_plus_gutenberg_icon_alignemt":"","sfsi_plus_gutenburg_max_per_row":"","footnotes":""},"class_list":["post-340","page","type-page","status-publish","hentry","no-thumb"],"_links":{"self":[{"href":"http:\/\/theatre-cancoillotte.fr\/index.php\/wp-json\/wp\/v2\/pages\/340","targetHints":{"allow":["GET"]}}],"collection":[{"href":"http:\/\/theatre-cancoillotte.fr\/index.php\/wp-json\/wp\/v2\/pages"}],"about":[{"href":"http:\/\/theatre-cancoillotte.fr\/index.php\/wp-json\/wp\/v2\/types\/page"}],"author":[{"embeddable":true,"href":"http:\/\/theatre-cancoillotte.fr\/index.php\/wp-json\/wp\/v2\/users\/1"}],"replies":[{"embeddable":true,"href":"http:\/\/theatre-cancoillotte.fr\/index.php\/wp-json\/wp\/v2\/comments?post=340"}],"version-history":[{"count":6,"href":"http:\/\/theatre-cancoillotte.fr\/index.php\/wp-json\/wp\/v2\/pages\/340\/revisions"}],"predecessor-version":[{"id":773,"href":"http:\/\/theatre-cancoillotte.fr\/index.php\/wp-json\/wp\/v2\/pages\/340\/revisions\/773"}],"wp:attachment":[{"href":"http:\/\/theatre-cancoillotte.fr\/index.php\/wp-json\/wp\/v2\/media?parent=340"}],"curies":[{"name":"wp","href":"https:\/\/api.w.org\/{rel}","templated":true}]}}