{"id":347,"date":"2018-01-24T15:02:25","date_gmt":"2018-01-24T14:02:25","guid":{"rendered":"http:\/\/theatre-cancoillotte.fr\/?page_id=347"},"modified":"2018-01-24T15:17:58","modified_gmt":"2018-01-24T14:17:58","slug":"impair","status":"publish","type":"page","link":"http:\/\/theatre-cancoillotte.fr\/index.php\/impair\/","title":{"rendered":"Impair et p\u00e8re"},"content":{"rendered":"<p><em><strong><span style=\"color: #0000ff;\">Impair et p\u00e8re<\/span><\/strong><\/em> est une com\u00e9die de Ray Cooney.<\/p>\n<p><em><strong><span style=\"color: #0000ff;\">R\u00e9sum\u00e9<\/span><\/strong><\/em><\/p>\n<p>Coinc\u00e9 dans une salle de repos, le Docteur Jouffroy, chef de service, se trouve confront\u00e9, un jour-clef de sa carri\u00e8re, au fruit d&rsquo;un impair de jeunesse. Pour esquiver ses responsabilit\u00e9s, il implique malgr\u00e9 eux son meilleur ami et son ancienne ma\u00eetresse en \u00e9chafaudant des mensonges en cascade. Pris d&rsquo;assaut par une directrice trop pressante, un flic trop curieux, une fille qui cherche d\u00e9sesp\u00e9r\u00e9ment son p\u00e8re et des proches qui n&rsquo;auront de cesse de se rappeler \u00e0 son bon souvenir, le voil\u00e0 forc\u00e9 d&rsquo;\u00e9tablir des \u00ab v\u00e9rit\u00e9s \u00bb successives et contradictoires dans une escalade d\u00e9lirante ! La journ\u00e9e sera rude pour le service &#8230;<\/p>\n<p><em><strong><span style=\"color: #0000ff;\">Distribution \u00e0 la Cancoillotte<\/span><\/strong><\/em><\/p>\n<p>Mise en sc\u00e8ne : Jean Perrot<\/p>\n<p>DOCTEUR PIERRE JOUFFROY : J\u00e9r\u00f4me Plancquaert<br \/>\nDOCTEUR LUC MALET : Alexandre Gottschalk<br \/>\nH\u00c9L\u00c8NE JOUFFROY : Patricia Gottschalk<br \/>\nDOCTEUR HUBERT JOLY : Pierre Arnaud<br \/>\nMARYSE TR\u00c9SOR : H\u00e9l\u00e8ne Guilbert<br \/>\nCATHERINE DE LA MASSI\u00c8RE : Anne-Marie Perrot<br \/>\nSOPHIE PAILLARD : Brigitte Borel<br \/>\nL&rsquo;INFIRMI\u00c8RE BRILLANT : Marie-Dominique Bretagne<br \/>\nSYLVIE PAILLARD : Constance Guilbert<br \/>\nLE BRIGADIER : Fran\u00e7ois Gilson<br \/>\nLOUIS PETITCIL : Andr\u00e9 Grosperrin<br \/>\nMAMIE : H\u00e9l\u00e8ne de Lachaise<\/p>\n<p><em><strong><span style=\"color: #0000ff;\">Le Flyer<\/span><\/strong><\/em><\/p>\n<style type=\"text\/css\">\n#foogallery-gallery-352.fg-masonry .fg-item { width: 150px; }\n#foogallery-gallery-352.fg-masonry { --fg-gutter: 10px; }<\/style>\n\t\t\t<div class=\"foogallery foogallery-container foogallery-masonry foogallery-lightbox-foobox fg-center fg-masonry fg-ready fg-light fg-border-thin fg-shadow-outline fg-loading-default fg-loaded-fade-in fg-caption-hover fg-hover-fade fg-hover-zoom fg-fixed\" id=\"foogallery-gallery-352\" data-foogallery=\"{&quot;item&quot;:{&quot;showCaptionTitle&quot;:true,&quot;showCaptionDescription&quot;:true},&quot;lazy&quot;:true,&quot;template&quot;:{&quot;columnWidth&quot;:150,&quot;gutter&quot;:10}}\" style=\"--fg-title-line-clamp: 0; --fg-description-line-clamp: 0;\" >\n\t\t<div class=\"fg-item fg-type-image fg-idle\"><figure class=\"fg-item-inner\"><a href=\"http:\/\/theatre-cancoillotte.fr\/wp-content\/uploads\/2018\/01\/Impair-et-pere-Flyer-recto-1.jpg\" data-attachment-id=\"350\" data-e-disable-page-transition=\"true\" data-type=\"image\" class=\"fg-thumb\"><span class=\"fg-image-wrap\"><img decoding=\"async\" width=\"150\" height=\"106\" class=\"skip-lazy fg-image\" data-src-fg=\"http:\/\/theatre-cancoillotte.fr\/wp-content\/uploads\/cache\/2018\/01\/Impair-et-pere-Flyer-recto-1\/294659822.jpg\" src=\"data:image\/svg+xml,%3Csvg%20xmlns%3D%22http%3A%2F%2Fwww.w3.org%2F2000%2Fsvg%22%20width%3D%22150%22%20height%3D%22106%22%20viewBox%3D%220%200%20150%20106%22%3E%3C%2Fsvg%3E\" loading=\"eager\"><\/span><span class=\"fg-image-overlay\"><\/span><\/a><\/figure><div class=\"fg-loader\"><\/div><\/div><div class=\"fg-item fg-type-image fg-idle\"><figure class=\"fg-item-inner\"><a href=\"http:\/\/theatre-cancoillotte.fr\/wp-content\/uploads\/2018\/01\/Impair-et-pere-Flyer-verso-1.jpg\" data-attachment-id=\"351\" data-e-disable-page-transition=\"true\" data-type=\"image\" class=\"fg-thumb\"><span class=\"fg-image-wrap\"><img decoding=\"async\" width=\"150\" height=\"108\" class=\"skip-lazy fg-image\" data-src-fg=\"http:\/\/theatre-cancoillotte.fr\/wp-content\/uploads\/cache\/2018\/01\/Impair-et-pere-Flyer-verso-1\/1943505267.jpg\" src=\"data:image\/svg+xml,%3Csvg%20xmlns%3D%22http%3A%2F%2Fwww.w3.org%2F2000%2Fsvg%22%20width%3D%22150%22%20height%3D%22108%22%20viewBox%3D%220%200%20150%20108%22%3E%3C%2Fsvg%3E\" loading=\"eager\"><\/span><span class=\"fg-image-overlay\"><\/span><\/a><\/figure><div class=\"fg-loader\"><\/div><\/div><div class=\"fg-item fg-type-image fg-idle\"><figure class=\"fg-item-inner\"><a href=\"http:\/\/theatre-cancoillotte.fr\/wp-content\/uploads\/2018\/02\/Impair-et-pair-01.jpg\" data-attachment-id=\"661\" data-e-disable-page-transition=\"true\" data-type=\"image\" class=\"fg-thumb\"><span class=\"fg-image-wrap\"><img decoding=\"async\" width=\"150\" height=\"107\" class=\"skip-lazy fg-image\" data-src-fg=\"http:\/\/theatre-cancoillotte.fr\/wp-content\/uploads\/cache\/2018\/02\/Impair-et-pair-01\/824949762.jpg\" src=\"data:image\/svg+xml,%3Csvg%20xmlns%3D%22http%3A%2F%2Fwww.w3.org%2F2000%2Fsvg%22%20width%3D%22150%22%20height%3D%22107%22%20viewBox%3D%220%200%20150%20107%22%3E%3C%2Fsvg%3E\" loading=\"eager\"><\/span><span class=\"fg-image-overlay\"><\/span><\/a><\/figure><div class=\"fg-loader\"><\/div><\/div><\/div>\n<p>&nbsp;<\/p>\n","protected":false},"excerpt":{"rendered":"<p>Impair et p\u00e8re est une com\u00e9die de Ray Cooney. R\u00e9sum\u00e9 Coinc\u00e9 dans une salle de repos, le Docteur Jouffroy, chef de service, se trouve confront\u00e9, un jour-clef de sa carri\u00e8re, au fruit d&rsquo;un impair de jeunesse. Pour esquiver ses responsabilit\u00e9s, il implique malgr\u00e9 eux son meilleur ami et son ancienne ma\u00eetresse en \u00e9chafaudant des mensongesLire la suite &rarr;<\/p>\n","protected":false},"author":1,"featured_media":0,"parent":0,"menu_order":0,"comment_status":"closed","ping_status":"closed","template":"","meta":{"sfsi_plus_gutenberg_text_before_share":"","sfsi_plus_gutenberg_show_text_before_share":"","sfsi_plus_gutenberg_icon_type":"","sfsi_plus_gutenberg_icon_alignemt":"","sfsi_plus_gutenburg_max_per_row":"","footnotes":""},"class_list":["post-347","page","type-page","status-publish","hentry","no-thumb"],"_links":{"self":[{"href":"http:\/\/theatre-cancoillotte.fr\/index.php\/wp-json\/wp\/v2\/pages\/347","targetHints":{"allow":["GET"]}}],"collection":[{"href":"http:\/\/theatre-cancoillotte.fr\/index.php\/wp-json\/wp\/v2\/pages"}],"about":[{"href":"http:\/\/theatre-cancoillotte.fr\/index.php\/wp-json\/wp\/v2\/types\/page"}],"author":[{"embeddable":true,"href":"http:\/\/theatre-cancoillotte.fr\/index.php\/wp-json\/wp\/v2\/users\/1"}],"replies":[{"embeddable":true,"href":"http:\/\/theatre-cancoillotte.fr\/index.php\/wp-json\/wp\/v2\/comments?post=347"}],"version-history":[{"count":4,"href":"http:\/\/theatre-cancoillotte.fr\/index.php\/wp-json\/wp\/v2\/pages\/347\/revisions"}],"predecessor-version":[{"id":355,"href":"http:\/\/theatre-cancoillotte.fr\/index.php\/wp-json\/wp\/v2\/pages\/347\/revisions\/355"}],"wp:attachment":[{"href":"http:\/\/theatre-cancoillotte.fr\/index.php\/wp-json\/wp\/v2\/media?parent=347"}],"curies":[{"name":"wp","href":"https:\/\/api.w.org\/{rel}","templated":true}]}}