{"id":368,"date":"2018-01-25T11:24:47","date_gmt":"2018-01-25T10:24:47","guid":{"rendered":"http:\/\/theatre-cancoillotte.fr\/?page_id=368"},"modified":"2026-01-18T07:41:14","modified_gmt":"2026-01-18T06:41:14","slug":"filles","status":"publish","type":"page","link":"http:\/\/theatre-cancoillotte.fr\/index.php\/filles\/","title":{"rendered":"Trois jeunes filles nues"},"content":{"rendered":"<p><em><strong><span style=\"color: #0000ff;\">Trois jeunes filles nues <\/span><\/strong><\/em><span style=\"color: #000000;\">est une op\u00e9rette de \u00a0Raoul Moretti, Yves Mirande et Albert Willemetz. <\/span><\/p>\n<p><span style=\"color: #000000;\">Ce projet tient une place toute particuli\u00e8re dans l&rsquo;histoire de notre Compagnie car ce fut une apoth\u00e9ose, fruit d&rsquo;un travail \u00e9norme de la part de toute l&rsquo;\u00e9quipe : plus de trente acteurs sur sc\u00e8ne, un nombre de costumes &#8230; innombrable (!), de la musique, des chants, bref une production quasi professionnelle.<\/span><\/p>\n<p><span style=\"color: #000000;\">Elle fut jou\u00e9e en f\u00e9vrier et en octobre 2010, au th\u00e9\u00e2tre de Besan\u00e7on.<\/span><em><strong><span style=\"color: #0000ff;\"><br \/>\n<\/span><\/strong><\/em><\/p>\n<p><em><strong><span style=\"color: #0000ff;\">R\u00e9sum\u00e9<\/span><\/strong><\/em><\/p>\n<p>Madame Ducros a plac\u00e9 ses trois ni\u00e8ces dans l&rsquo;institution d&rsquo;H\u00e9g\u00e9sippe, ancien s\u00e9minariste. Celui-ci est en fait le directeur du cabaret <i><\/i><span style=\"color: #000000;\"><em>Les Folies bocag\u00e8res<\/em>,<\/span> et il leur fait r\u00e9p\u00e9ter secr\u00e8tement un num\u00e9ro de nu. Elles font \u00e9galement la connaissance de trois beaux officiers de marine lors d&rsquo;une croisi\u00e8re sur le bateau que commande leur oncle.<\/p>\n<p>L&rsquo;expression <span class=\"citation\">\u00ab\u00a0Est-ce que je te demande si ta grand-m\u00e8re fait du v\u00e9lo\u00a0?\u00a0\u00bb<\/span> y est popularis\u00e9e.<\/p>\n<p>Mais bien s\u00fbr, aucune sc\u00e8ne licencieuse dans cette pi\u00e8ce.<\/p>\n<p><em><strong><span style=\"color: #0000ff;\">Distribution \u00e0 la Cancoillotte<\/span><\/strong><\/em><\/p>\n<p>Mise en sc\u00e8ne : H\u00e9l\u00e8ne Guilbert<\/p>\n<p>H\u00c9G\u00c9SIPPE : Jean Perrot<br \/>\nPATARA : Pierre Arnaud<br \/>\nLE COMMANDANT LE QU\u00c9REC : Denis Bretagne<br \/>\nJACQUES : J\u00e9r\u00f4me Plancquaert<br \/>\nMARCEL : Fran\u00e7ois Gilson<br \/>\nMAURICE : Pierre des Vesvrotte<br \/>\nLE DIRECTEUR : Christophe Gilles<br \/>\nLE FACTEUR, L&rsquo;AUTEUR, LORD CHESTON : Alexandre Gottschalk<br \/>\nLE LIVREUR, LE 1ER MATELOT : Pierre-Yves Petiteau<br \/>\nLE R\u00c9GISSEUR, LE 2EME MATELOT : Henry Labat<br \/>\nLE JARDINIER, LE COMP\u00c8RE, LE FACTIONNAIRE : Andr\u00e9 Grosperrin<br \/>\nLES AUTRES MATELOTS :<br \/>\nDominique Baudiquey, Odile Marcoux, Reine Pellaton, Caroline de Vaulchier, Alice Gilson, Louise Gottschalk, Agathe Chavelet<br \/>\nMADAME DUCROS : Sylvie Petiteau<br \/>\nLILETTE : Christine de Vesvrotte<br \/>\nLULU : Anne-Marie Perrot<br \/>\nLOLA : Catherine Breton<br \/>\nLOTTE : Brigitte Borel<br \/>\nMISS TAPSY : Sylvie Gilson<br \/>\nLA FEMME AU HOMARD : V\u00e9ronique Labat<br \/>\nLA FEMME NUE : Marie-H\u00e9l\u00e8ne Fadier<br \/>\nLES GIRLS :<br \/>\nPauline Gilson, Patricia Gottschalk, Val\u00e9rie Arnaud, Fabienne Bozon, Constance Guilbert<\/p>\n<p><em><strong><span style=\"color: #0000ff;\">Le Flyer et les photos<\/span><\/strong><\/em><\/p>\n<style type=\"text\/css\">\n#foogallery-gallery-367.fg-masonry .fg-item { width: 150px; }\n#foogallery-gallery-367.fg-masonry { --fg-gutter: 10px; }<\/style>\n\t\t\t<div class=\"foogallery foogallery-container foogallery-masonry foogallery-lightbox-foobox fg-center fg-masonry fg-ready fg-light fg-border-thin fg-shadow-outline fg-loading-default fg-loaded-fade-in fg-caption-hover fg-hover-fade fg-hover-zoom fg-fixed\" id=\"foogallery-gallery-367\" data-foogallery=\"{&quot;item&quot;:{&quot;showCaptionTitle&quot;:true,&quot;showCaptionDescription&quot;:true},&quot;lazy&quot;:true,&quot;template&quot;:{&quot;columnWidth&quot;:150,&quot;gutter&quot;:10}}\" style=\"--fg-title-line-clamp: 0; --fg-description-line-clamp: 0;\" >\n\t\t<div class=\"fg-item fg-type-image fg-idle\"><figure class=\"fg-item-inner\"><a href=\"http:\/\/theatre-cancoillotte.fr\/wp-content\/uploads\/2018\/01\/Filles-nues-Flyer-recto.jpg\" data-attachment-id=\"257\" data-e-disable-page-transition=\"true\" data-type=\"image\" class=\"fg-thumb\"><span class=\"fg-image-wrap\"><img decoding=\"async\" width=\"150\" height=\"109\" class=\"skip-lazy fg-image\" data-src-fg=\"http:\/\/theatre-cancoillotte.fr\/wp-content\/uploads\/cache\/2018\/01\/Filles-nues-Flyer-recto\/70373982.jpg\" src=\"data:image\/svg+xml,%3Csvg%20xmlns%3D%22http%3A%2F%2Fwww.w3.org%2F2000%2Fsvg%22%20width%3D%22150%22%20height%3D%22109%22%20viewBox%3D%220%200%20150%20109%22%3E%3C%2Fsvg%3E\" loading=\"eager\"><\/span><span class=\"fg-image-overlay\"><\/span><\/a><\/figure><div class=\"fg-loader\"><\/div><\/div><div class=\"fg-item fg-type-image fg-idle\"><figure class=\"fg-item-inner\"><a href=\"http:\/\/theatre-cancoillotte.fr\/wp-content\/uploads\/2018\/01\/Filles-nues-Flyer-verso.jpg\" data-attachment-id=\"258\" data-e-disable-page-transition=\"true\" data-type=\"image\" class=\"fg-thumb\"><span class=\"fg-image-wrap\"><img decoding=\"async\" width=\"150\" height=\"109\" class=\"skip-lazy fg-image\" data-src-fg=\"http:\/\/theatre-cancoillotte.fr\/wp-content\/uploads\/cache\/2018\/01\/Filles-nues-Flyer-verso\/1641140452.jpg\" src=\"data:image\/svg+xml,%3Csvg%20xmlns%3D%22http%3A%2F%2Fwww.w3.org%2F2000%2Fsvg%22%20width%3D%22150%22%20height%3D%22109%22%20viewBox%3D%220%200%20150%20109%22%3E%3C%2Fsvg%3E\" loading=\"eager\"><\/span><span class=\"fg-image-overlay\"><\/span><\/a><\/figure><div class=\"fg-loader\"><\/div><\/div><div class=\"fg-item fg-type-image fg-idle\"><figure class=\"fg-item-inner\"><a href=\"http:\/\/theatre-cancoillotte.fr\/wp-content\/uploads\/2018\/01\/Jeunes-filles-02.jpg\" data-attachment-id=\"366\" data-e-disable-page-transition=\"true\" data-type=\"image\" class=\"fg-thumb\"><span class=\"fg-image-wrap\"><img decoding=\"async\" width=\"150\" height=\"100\" class=\"skip-lazy fg-image\" data-src-fg=\"http:\/\/theatre-cancoillotte.fr\/wp-content\/uploads\/cache\/2018\/01\/Jeunes-filles-02\/3884172447.jpg\" src=\"data:image\/svg+xml,%3Csvg%20xmlns%3D%22http%3A%2F%2Fwww.w3.org%2F2000%2Fsvg%22%20width%3D%22150%22%20height%3D%22100%22%20viewBox%3D%220%200%20150%20100%22%3E%3C%2Fsvg%3E\" loading=\"eager\"><\/span><span class=\"fg-image-overlay\"><\/span><\/a><\/figure><div class=\"fg-loader\"><\/div><\/div><div class=\"fg-item fg-type-image fg-idle\"><figure class=\"fg-item-inner\"><a href=\"http:\/\/theatre-cancoillotte.fr\/wp-content\/uploads\/2018\/01\/Jeunes-filles-01.jpg\" data-attachment-id=\"365\" data-e-disable-page-transition=\"true\" data-type=\"image\" class=\"fg-thumb\"><span class=\"fg-image-wrap\"><img decoding=\"async\" width=\"150\" height=\"100\" class=\"skip-lazy fg-image\" data-src-fg=\"http:\/\/theatre-cancoillotte.fr\/wp-content\/uploads\/cache\/2018\/01\/Jeunes-filles-01\/2267026331.jpg\" src=\"data:image\/svg+xml,%3Csvg%20xmlns%3D%22http%3A%2F%2Fwww.w3.org%2F2000%2Fsvg%22%20width%3D%22150%22%20height%3D%22100%22%20viewBox%3D%220%200%20150%20100%22%3E%3C%2Fsvg%3E\" loading=\"eager\"><\/span><span class=\"fg-image-overlay\"><\/span><\/a><\/figure><div class=\"fg-loader\"><\/div><\/div><\/div>\n","protected":false},"excerpt":{"rendered":"<p>Trois jeunes filles nues est une op\u00e9rette de \u00a0Raoul Moretti, Yves Mirande et Albert Willemetz. Ce projet tient une place toute particuli\u00e8re dans l&rsquo;histoire de notre Compagnie car ce fut une apoth\u00e9ose, fruit d&rsquo;un travail \u00e9norme de la part de toute l&rsquo;\u00e9quipe : plus de trente acteurs sur sc\u00e8ne, un nombre de costumes &#8230; innombrableLire la suite &rarr;<\/p>\n","protected":false},"author":1,"featured_media":0,"parent":0,"menu_order":0,"comment_status":"closed","ping_status":"closed","template":"","meta":{"sfsi_plus_gutenberg_text_before_share":"","sfsi_plus_gutenberg_show_text_before_share":"","sfsi_plus_gutenberg_icon_type":"","sfsi_plus_gutenberg_icon_alignemt":"","sfsi_plus_gutenburg_max_per_row":"","footnotes":""},"class_list":["post-368","page","type-page","status-publish","hentry","no-thumb"],"_links":{"self":[{"href":"http:\/\/theatre-cancoillotte.fr\/index.php\/wp-json\/wp\/v2\/pages\/368","targetHints":{"allow":["GET"]}}],"collection":[{"href":"http:\/\/theatre-cancoillotte.fr\/index.php\/wp-json\/wp\/v2\/pages"}],"about":[{"href":"http:\/\/theatre-cancoillotte.fr\/index.php\/wp-json\/wp\/v2\/types\/page"}],"author":[{"embeddable":true,"href":"http:\/\/theatre-cancoillotte.fr\/index.php\/wp-json\/wp\/v2\/users\/1"}],"replies":[{"embeddable":true,"href":"http:\/\/theatre-cancoillotte.fr\/index.php\/wp-json\/wp\/v2\/comments?post=368"}],"version-history":[{"count":8,"href":"http:\/\/theatre-cancoillotte.fr\/index.php\/wp-json\/wp\/v2\/pages\/368\/revisions"}],"predecessor-version":[{"id":1958,"href":"http:\/\/theatre-cancoillotte.fr\/index.php\/wp-json\/wp\/v2\/pages\/368\/revisions\/1958"}],"wp:attachment":[{"href":"http:\/\/theatre-cancoillotte.fr\/index.php\/wp-json\/wp\/v2\/media?parent=368"}],"curies":[{"name":"wp","href":"https:\/\/api.w.org\/{rel}","templated":true}]}}