{"id":437,"date":"2018-01-26T16:03:01","date_gmt":"2018-01-26T15:03:01","guid":{"rendered":"http:\/\/theatre-cancoillotte.fr\/?page_id=437"},"modified":"2018-02-10T09:52:56","modified_gmt":"2018-02-10T08:52:56","slug":"toc","status":"publish","type":"page","link":"http:\/\/theatre-cancoillotte.fr\/index.php\/toc\/","title":{"rendered":"Toc Toc"},"content":{"rendered":"<p><span style=\"color: #0000ff;\"><i><b>Toc toc<\/b><\/i><\/span> est une pi\u00e8ce \u00e9crite par Laurent Baffie, cr\u00e9\u00e9e en 2005 au th\u00e9\u00e2tre du Palais Royal \u00e0 Paris. Jou\u00e9e pendant plus de deux ans et demi, elle a \u00e9t\u00e9 reprise au Qu\u00e9bec et en Belgique, puis traduite et jou\u00e9e en Espagne par Juli\u00e1n Quintanilla, et en Catalogne par Jordi Galceran.<\/p>\n<p><em><strong><span style=\"color: #0000ff;\">R\u00e9sum\u00e9<\/span><\/strong><\/em><\/p>\n<p>Le Docteur Stern, de renomm\u00e9e mondiale, est un sp\u00e9cialiste des troubles obsessionnels compulsifs ou \u00ab\u00a0TOC\u00a0\u00bb. Il ne consulte que tr\u00e8s rarement en France. Les six personnes qui bavardent dans sa salle d\u2019attente ont d\u00fb patienter de nombreux mois pour obtenir une consultation. Mais l\u2019\u00e9minent th\u00e9rapeute se fait attendre, bloqu\u00e9 \u00e0 Francfort par les al\u00e9as du transport a\u00e9rien. Devisant ensemble, jouant au Monopoly pour tromper leur ennui, les patients vont apprendre \u00e0 se conna\u00eetre et m\u00eame tenter une th\u00e9rapie de groupe\u2026 ponctu\u00e9e par les incontr\u00f4lables tocs des uns et des autres\u00a0!<\/p>\n<p><em><strong><span style=\"color: #0000ff;\">Distribution \u00e0 la Cancoillotte<\/span><\/strong><\/em><\/p>\n<p>Mise en sc\u00e8ne : Jean Perrot<\/p>\n<p>FRED : Alexandre Gottschalk<br \/>\nVINCENT : J\u00e9r\u00f4me Plancquaert<br \/>\nBLANCHE : Val\u00e9rie Arnaud<br \/>\nLILI : Anne-Marie Perrot<br \/>\nMARIE : Marie-Pascale Galmiche<br \/>\nBOB : Fran\u00e7ois Gilson<br \/>\nL&rsquo;ASSISTANTE : Aur\u00e9lie Berdin<\/p>\n<p><em><strong><span style=\"color: #0000ff;\">Affiche, flyer et photos<br \/>\n<\/span><\/strong><\/em><\/p>\n<style type=\"text\/css\">\n#foogallery-gallery-664.fg-masonry .fg-item { width: 150px; }\n#foogallery-gallery-664.fg-masonry { --fg-gutter: 10px; }<\/style>\n\t\t\t<div class=\"foogallery foogallery-container foogallery-masonry foogallery-lightbox-foobox fg-center fg-masonry fg-ready fg-light fg-border-thin fg-shadow-outline fg-loading-default fg-loaded-fade-in fg-caption-hover fg-hover-fade fg-hover-zoom fg-fixed\" id=\"foogallery-gallery-664\" data-foogallery=\"{&quot;item&quot;:{&quot;showCaptionTitle&quot;:true,&quot;showCaptionDescription&quot;:true},&quot;lazy&quot;:true,&quot;template&quot;:{&quot;columnWidth&quot;:150,&quot;gutter&quot;:10}}\" style=\"--fg-title-line-clamp: 0; --fg-description-line-clamp: 0;\" >\n\t\t<div class=\"fg-item fg-type-image fg-idle\"><figure class=\"fg-item-inner\"><a href=\"http:\/\/theatre-cancoillotte.fr\/wp-content\/uploads\/2018\/02\/Toc-toc-Affiche.jpg\" data-attachment-id=\"765\" data-e-disable-page-transition=\"true\" data-type=\"image\" class=\"fg-thumb\"><span class=\"fg-image-wrap\"><img decoding=\"async\" width=\"150\" height=\"280\" class=\"skip-lazy fg-image\" data-src-fg=\"http:\/\/theatre-cancoillotte.fr\/wp-content\/uploads\/cache\/2018\/02\/Toc-toc-Affiche\/3125719342.jpg\" src=\"data:image\/svg+xml,%3Csvg%20xmlns%3D%22http%3A%2F%2Fwww.w3.org%2F2000%2Fsvg%22%20width%3D%22150%22%20height%3D%22280%22%20viewBox%3D%220%200%20150%20280%22%3E%3C%2Fsvg%3E\" loading=\"eager\"><\/span><span class=\"fg-image-overlay\"><\/span><\/a><\/figure><div class=\"fg-loader\"><\/div><\/div><div class=\"fg-item fg-type-image fg-idle\"><figure class=\"fg-item-inner\"><a href=\"http:\/\/theatre-cancoillotte.fr\/wp-content\/uploads\/2018\/02\/Toc-toc-Flyer-recto.jpg\" data-attachment-id=\"662\" data-e-disable-page-transition=\"true\" data-type=\"image\" class=\"fg-thumb\"><span class=\"fg-image-wrap\"><img decoding=\"async\" width=\"150\" height=\"106\" class=\"skip-lazy fg-image\" data-src-fg=\"http:\/\/theatre-cancoillotte.fr\/wp-content\/uploads\/cache\/2018\/02\/Toc-toc-Flyer-recto\/2047766955.jpg\" src=\"data:image\/svg+xml,%3Csvg%20xmlns%3D%22http%3A%2F%2Fwww.w3.org%2F2000%2Fsvg%22%20width%3D%22150%22%20height%3D%22106%22%20viewBox%3D%220%200%20150%20106%22%3E%3C%2Fsvg%3E\" loading=\"eager\"><\/span><span class=\"fg-image-overlay\"><\/span><\/a><\/figure><div class=\"fg-loader\"><\/div><\/div><div class=\"fg-item fg-type-image fg-idle\"><figure class=\"fg-item-inner\"><a href=\"http:\/\/theatre-cancoillotte.fr\/wp-content\/uploads\/2018\/02\/Toc-toc-Flyer-verso.jpg\" data-attachment-id=\"663\" data-e-disable-page-transition=\"true\" data-type=\"image\" class=\"fg-thumb\"><span class=\"fg-image-wrap\"><img decoding=\"async\" width=\"150\" height=\"106\" class=\"skip-lazy fg-image\" data-src-fg=\"http:\/\/theatre-cancoillotte.fr\/wp-content\/uploads\/cache\/2018\/02\/Toc-toc-Flyer-verso\/3753973542.jpg\" src=\"data:image\/svg+xml,%3Csvg%20xmlns%3D%22http%3A%2F%2Fwww.w3.org%2F2000%2Fsvg%22%20width%3D%22150%22%20height%3D%22106%22%20viewBox%3D%220%200%20150%20106%22%3E%3C%2Fsvg%3E\" loading=\"eager\"><\/span><span class=\"fg-image-overlay\"><\/span><\/a><\/figure><div class=\"fg-loader\"><\/div><\/div><div class=\"fg-item fg-type-image fg-idle\"><figure class=\"fg-item-inner\"><a href=\"http:\/\/theatre-cancoillotte.fr\/wp-content\/uploads\/2018\/02\/toc-toc-17.jpg\" data-attachment-id=\"1915\" data-e-disable-page-transition=\"true\" data-type=\"image\" class=\"fg-thumb\"><span class=\"fg-image-wrap\"><img decoding=\"async\" width=\"150\" height=\"84\" class=\"skip-lazy fg-image\" data-src-fg=\"http:\/\/theatre-cancoillotte.fr\/wp-content\/uploads\/cache\/2018\/02\/toc-toc-17\/3386501530.jpg\" src=\"data:image\/svg+xml,%3Csvg%20xmlns%3D%22http%3A%2F%2Fwww.w3.org%2F2000%2Fsvg%22%20width%3D%22150%22%20height%3D%2284%22%20viewBox%3D%220%200%20150%2084%22%3E%3C%2Fsvg%3E\" loading=\"eager\"><\/span><span class=\"fg-image-overlay\"><\/span><\/a><\/figure><div class=\"fg-loader\"><\/div><\/div><div class=\"fg-item fg-type-image fg-idle\"><figure class=\"fg-item-inner\"><a href=\"http:\/\/theatre-cancoillotte.fr\/wp-content\/uploads\/2018\/02\/toc-toc-16.jpg\" data-attachment-id=\"1916\" data-e-disable-page-transition=\"true\" data-type=\"image\" class=\"fg-thumb\"><span class=\"fg-image-wrap\"><img decoding=\"async\" width=\"150\" height=\"84\" class=\"skip-lazy fg-image\" data-src-fg=\"http:\/\/theatre-cancoillotte.fr\/wp-content\/uploads\/cache\/2018\/02\/toc-toc-16\/2358632028.jpg\" src=\"data:image\/svg+xml,%3Csvg%20xmlns%3D%22http%3A%2F%2Fwww.w3.org%2F2000%2Fsvg%22%20width%3D%22150%22%20height%3D%2284%22%20viewBox%3D%220%200%20150%2084%22%3E%3C%2Fsvg%3E\" loading=\"eager\"><\/span><span class=\"fg-image-overlay\"><\/span><\/a><\/figure><div class=\"fg-loader\"><\/div><\/div><div class=\"fg-item fg-type-image fg-idle\"><figure class=\"fg-item-inner\"><a href=\"http:\/\/theatre-cancoillotte.fr\/wp-content\/uploads\/2018\/02\/toc-toc-15.jpg\" data-attachment-id=\"1917\" data-e-disable-page-transition=\"true\" data-type=\"image\" class=\"fg-thumb\"><span class=\"fg-image-wrap\"><img decoding=\"async\" width=\"150\" height=\"84\" class=\"skip-lazy fg-image\" data-src-fg=\"http:\/\/theatre-cancoillotte.fr\/wp-content\/uploads\/cache\/2018\/02\/toc-toc-15\/2058931063.jpg\" src=\"data:image\/svg+xml,%3Csvg%20xmlns%3D%22http%3A%2F%2Fwww.w3.org%2F2000%2Fsvg%22%20width%3D%22150%22%20height%3D%2284%22%20viewBox%3D%220%200%20150%2084%22%3E%3C%2Fsvg%3E\" loading=\"eager\"><\/span><span class=\"fg-image-overlay\"><\/span><\/a><\/figure><div class=\"fg-loader\"><\/div><\/div><div class=\"fg-item fg-type-image fg-idle\"><figure class=\"fg-item-inner\"><a href=\"http:\/\/theatre-cancoillotte.fr\/wp-content\/uploads\/2018\/02\/toc-toc-14.jpg\" data-attachment-id=\"1918\" data-e-disable-page-transition=\"true\" data-type=\"image\" class=\"fg-thumb\"><span class=\"fg-image-wrap\"><img decoding=\"async\" width=\"150\" height=\"84\" class=\"skip-lazy fg-image\" data-src-fg=\"http:\/\/theatre-cancoillotte.fr\/wp-content\/uploads\/cache\/2018\/02\/toc-toc-14\/1979656978.jpg\" src=\"data:image\/svg+xml,%3Csvg%20xmlns%3D%22http%3A%2F%2Fwww.w3.org%2F2000%2Fsvg%22%20width%3D%22150%22%20height%3D%2284%22%20viewBox%3D%220%200%20150%2084%22%3E%3C%2Fsvg%3E\" loading=\"eager\"><\/span><span class=\"fg-image-overlay\"><\/span><\/a><\/figure><div class=\"fg-loader\"><\/div><\/div><div class=\"fg-item fg-type-image fg-idle\"><figure class=\"fg-item-inner\"><a href=\"http:\/\/theatre-cancoillotte.fr\/wp-content\/uploads\/2018\/02\/toc-toc-13.jpg\" data-attachment-id=\"1919\" data-e-disable-page-transition=\"true\" data-type=\"image\" class=\"fg-thumb\"><span class=\"fg-image-wrap\"><img decoding=\"async\" width=\"150\" height=\"84\" class=\"skip-lazy fg-image\" data-src-fg=\"http:\/\/theatre-cancoillotte.fr\/wp-content\/uploads\/cache\/2018\/02\/toc-toc-13\/127414467.jpg\" src=\"data:image\/svg+xml,%3Csvg%20xmlns%3D%22http%3A%2F%2Fwww.w3.org%2F2000%2Fsvg%22%20width%3D%22150%22%20height%3D%2284%22%20viewBox%3D%220%200%20150%2084%22%3E%3C%2Fsvg%3E\" loading=\"eager\"><\/span><span class=\"fg-image-overlay\"><\/span><\/a><\/figure><div class=\"fg-loader\"><\/div><\/div><div class=\"fg-item fg-type-image fg-idle\"><figure class=\"fg-item-inner\"><a href=\"http:\/\/theatre-cancoillotte.fr\/wp-content\/uploads\/2018\/02\/toc-toc-12.jpg\" data-attachment-id=\"1920\" data-e-disable-page-transition=\"true\" data-type=\"image\" class=\"fg-thumb\"><span class=\"fg-image-wrap\"><img decoding=\"async\" width=\"150\" height=\"84\" class=\"skip-lazy fg-image\" data-src-fg=\"http:\/\/theatre-cancoillotte.fr\/wp-content\/uploads\/cache\/2018\/02\/toc-toc-12\/2774239142.jpg\" src=\"data:image\/svg+xml,%3Csvg%20xmlns%3D%22http%3A%2F%2Fwww.w3.org%2F2000%2Fsvg%22%20width%3D%22150%22%20height%3D%2284%22%20viewBox%3D%220%200%20150%2084%22%3E%3C%2Fsvg%3E\" loading=\"eager\"><\/span><span class=\"fg-image-overlay\"><\/span><\/a><\/figure><div class=\"fg-loader\"><\/div><\/div><div class=\"fg-item fg-type-image fg-idle\"><figure class=\"fg-item-inner\"><a href=\"http:\/\/theatre-cancoillotte.fr\/wp-content\/uploads\/2018\/02\/toc-toc-11.jpg\" data-attachment-id=\"1921\" data-e-disable-page-transition=\"true\" data-type=\"image\" class=\"fg-thumb\"><span class=\"fg-image-wrap\"><img decoding=\"async\" width=\"150\" height=\"84\" class=\"skip-lazy fg-image\" data-src-fg=\"http:\/\/theatre-cancoillotte.fr\/wp-content\/uploads\/cache\/2018\/02\/toc-toc-11\/1400279693.jpg\" src=\"data:image\/svg+xml,%3Csvg%20xmlns%3D%22http%3A%2F%2Fwww.w3.org%2F2000%2Fsvg%22%20width%3D%22150%22%20height%3D%2284%22%20viewBox%3D%220%200%20150%2084%22%3E%3C%2Fsvg%3E\" loading=\"eager\"><\/span><span class=\"fg-image-overlay\"><\/span><\/a><\/figure><div class=\"fg-loader\"><\/div><\/div><div class=\"fg-item fg-type-image fg-idle\"><figure class=\"fg-item-inner\"><a href=\"http:\/\/theatre-cancoillotte.fr\/wp-content\/uploads\/2018\/02\/toc-toc-10.jpg\" data-attachment-id=\"1922\" data-e-disable-page-transition=\"true\" data-type=\"image\" class=\"fg-thumb\"><span class=\"fg-image-wrap\"><img decoding=\"async\" width=\"150\" height=\"84\" class=\"skip-lazy fg-image\" data-src-fg=\"http:\/\/theatre-cancoillotte.fr\/wp-content\/uploads\/cache\/2018\/02\/toc-toc-10\/372942155.jpg\" src=\"data:image\/svg+xml,%3Csvg%20xmlns%3D%22http%3A%2F%2Fwww.w3.org%2F2000%2Fsvg%22%20width%3D%22150%22%20height%3D%2284%22%20viewBox%3D%220%200%20150%2084%22%3E%3C%2Fsvg%3E\" loading=\"eager\"><\/span><span class=\"fg-image-overlay\"><\/span><\/a><\/figure><div class=\"fg-loader\"><\/div><\/div><div class=\"fg-item fg-type-image fg-idle\"><figure class=\"fg-item-inner\"><a href=\"http:\/\/theatre-cancoillotte.fr\/wp-content\/uploads\/2018\/02\/toc-toc-09.jpg\" data-attachment-id=\"1923\" data-e-disable-page-transition=\"true\" data-type=\"image\" class=\"fg-thumb\"><span class=\"fg-image-wrap\"><img decoding=\"async\" width=\"150\" height=\"84\" class=\"skip-lazy fg-image\" data-src-fg=\"http:\/\/theatre-cancoillotte.fr\/wp-content\/uploads\/cache\/2018\/02\/toc-toc-09\/1722595563.jpg\" src=\"data:image\/svg+xml,%3Csvg%20xmlns%3D%22http%3A%2F%2Fwww.w3.org%2F2000%2Fsvg%22%20width%3D%22150%22%20height%3D%2284%22%20viewBox%3D%220%200%20150%2084%22%3E%3C%2Fsvg%3E\" loading=\"eager\"><\/span><span class=\"fg-image-overlay\"><\/span><\/a><\/figure><div class=\"fg-loader\"><\/div><\/div><div class=\"fg-item fg-type-image fg-idle\"><figure class=\"fg-item-inner\"><a href=\"http:\/\/theatre-cancoillotte.fr\/wp-content\/uploads\/2018\/02\/toc-toc-08.jpg\" data-attachment-id=\"1924\" data-e-disable-page-transition=\"true\" data-type=\"image\" class=\"fg-thumb\"><span class=\"fg-image-wrap\"><img decoding=\"async\" width=\"150\" height=\"84\" class=\"skip-lazy fg-image\" data-src-fg=\"http:\/\/theatre-cancoillotte.fr\/wp-content\/uploads\/cache\/2018\/02\/toc-toc-08\/437895756.jpg\" src=\"data:image\/svg+xml,%3Csvg%20xmlns%3D%22http%3A%2F%2Fwww.w3.org%2F2000%2Fsvg%22%20width%3D%22150%22%20height%3D%2284%22%20viewBox%3D%220%200%20150%2084%22%3E%3C%2Fsvg%3E\" loading=\"eager\"><\/span><span class=\"fg-image-overlay\"><\/span><\/a><\/figure><div class=\"fg-loader\"><\/div><\/div><div class=\"fg-item fg-type-image fg-idle\"><figure class=\"fg-item-inner\"><a href=\"http:\/\/theatre-cancoillotte.fr\/wp-content\/uploads\/2018\/02\/toc-toc-07.jpg\" data-attachment-id=\"1925\" data-e-disable-page-transition=\"true\" data-type=\"image\" class=\"fg-thumb\"><span class=\"fg-image-wrap\"><img decoding=\"async\" width=\"150\" height=\"84\" class=\"skip-lazy fg-image\" data-src-fg=\"http:\/\/theatre-cancoillotte.fr\/wp-content\/uploads\/cache\/2018\/02\/toc-toc-07\/3147547176.jpg\" src=\"data:image\/svg+xml,%3Csvg%20xmlns%3D%22http%3A%2F%2Fwww.w3.org%2F2000%2Fsvg%22%20width%3D%22150%22%20height%3D%2284%22%20viewBox%3D%220%200%20150%2084%22%3E%3C%2Fsvg%3E\" loading=\"eager\"><\/span><span class=\"fg-image-overlay\"><\/span><\/a><\/figure><div class=\"fg-loader\"><\/div><\/div><div class=\"fg-item fg-type-image fg-idle\"><figure class=\"fg-item-inner\"><a href=\"http:\/\/theatre-cancoillotte.fr\/wp-content\/uploads\/2018\/02\/toc-toc-06.jpg\" data-attachment-id=\"1926\" data-e-disable-page-transition=\"true\" data-type=\"image\" class=\"fg-thumb\"><span class=\"fg-image-wrap\"><img decoding=\"async\" width=\"150\" height=\"84\" class=\"skip-lazy fg-image\" data-src-fg=\"http:\/\/theatre-cancoillotte.fr\/wp-content\/uploads\/cache\/2018\/02\/toc-toc-06\/4275566062.jpg\" src=\"data:image\/svg+xml,%3Csvg%20xmlns%3D%22http%3A%2F%2Fwww.w3.org%2F2000%2Fsvg%22%20width%3D%22150%22%20height%3D%2284%22%20viewBox%3D%220%200%20150%2084%22%3E%3C%2Fsvg%3E\" loading=\"eager\"><\/span><span class=\"fg-image-overlay\"><\/span><\/a><\/figure><div class=\"fg-loader\"><\/div><\/div><div class=\"fg-item fg-type-image fg-idle\"><figure class=\"fg-item-inner\"><a href=\"http:\/\/theatre-cancoillotte.fr\/wp-content\/uploads\/2018\/02\/toc-toc-05.jpg\" data-attachment-id=\"1927\" data-e-disable-page-transition=\"true\" data-type=\"image\" class=\"fg-thumb\"><span class=\"fg-image-wrap\"><img decoding=\"async\" width=\"150\" height=\"84\" class=\"skip-lazy fg-image\" data-src-fg=\"http:\/\/theatre-cancoillotte.fr\/wp-content\/uploads\/cache\/2018\/02\/toc-toc-05\/150659269.jpg\" src=\"data:image\/svg+xml,%3Csvg%20xmlns%3D%22http%3A%2F%2Fwww.w3.org%2F2000%2Fsvg%22%20width%3D%22150%22%20height%3D%2284%22%20viewBox%3D%220%200%20150%2084%22%3E%3C%2Fsvg%3E\" loading=\"eager\"><\/span><span class=\"fg-image-overlay\"><\/span><\/a><\/figure><div class=\"fg-loader\"><\/div><\/div><div class=\"fg-item fg-type-image fg-idle\"><figure class=\"fg-item-inner\"><a href=\"http:\/\/theatre-cancoillotte.fr\/wp-content\/uploads\/2018\/02\/toc-toc-04.jpg\" data-attachment-id=\"1928\" data-e-disable-page-transition=\"true\" data-type=\"image\" class=\"fg-thumb\"><span class=\"fg-image-wrap\"><img decoding=\"async\" width=\"150\" height=\"84\" class=\"skip-lazy fg-image\" data-src-fg=\"http:\/\/theatre-cancoillotte.fr\/wp-content\/uploads\/cache\/2018\/02\/toc-toc-04\/129826976.jpg\" src=\"data:image\/svg+xml,%3Csvg%20xmlns%3D%22http%3A%2F%2Fwww.w3.org%2F2000%2Fsvg%22%20width%3D%22150%22%20height%3D%2284%22%20viewBox%3D%220%200%20150%2084%22%3E%3C%2Fsvg%3E\" loading=\"eager\"><\/span><span class=\"fg-image-overlay\"><\/span><\/a><\/figure><div class=\"fg-loader\"><\/div><\/div><div class=\"fg-item fg-type-image fg-idle\"><figure class=\"fg-item-inner\"><a href=\"http:\/\/theatre-cancoillotte.fr\/wp-content\/uploads\/2018\/02\/toc-toc-03.jpg\" data-attachment-id=\"1929\" data-e-disable-page-transition=\"true\" data-type=\"image\" class=\"fg-thumb\"><span class=\"fg-image-wrap\"><img decoding=\"async\" width=\"150\" height=\"84\" class=\"skip-lazy fg-image\" data-src-fg=\"http:\/\/theatre-cancoillotte.fr\/wp-content\/uploads\/cache\/2018\/02\/toc-toc-03\/1977228145.jpg\" src=\"data:image\/svg+xml,%3Csvg%20xmlns%3D%22http%3A%2F%2Fwww.w3.org%2F2000%2Fsvg%22%20width%3D%22150%22%20height%3D%2284%22%20viewBox%3D%220%200%20150%2084%22%3E%3C%2Fsvg%3E\" loading=\"eager\"><\/span><span class=\"fg-image-overlay\"><\/span><\/a><\/figure><div class=\"fg-loader\"><\/div><\/div><div class=\"fg-item fg-type-image fg-idle\"><figure class=\"fg-item-inner\"><a href=\"http:\/\/theatre-cancoillotte.fr\/wp-content\/uploads\/2018\/02\/toc-toc-02.jpg\" data-attachment-id=\"1930\" data-e-disable-page-transition=\"true\" data-type=\"image\" class=\"fg-thumb\"><span class=\"fg-image-wrap\"><img decoding=\"async\" width=\"150\" height=\"84\" class=\"skip-lazy fg-image\" data-src-fg=\"http:\/\/theatre-cancoillotte.fr\/wp-content\/uploads\/cache\/2018\/02\/toc-toc-02\/669481845.jpg\" src=\"data:image\/svg+xml,%3Csvg%20xmlns%3D%22http%3A%2F%2Fwww.w3.org%2F2000%2Fsvg%22%20width%3D%22150%22%20height%3D%2284%22%20viewBox%3D%220%200%20150%2084%22%3E%3C%2Fsvg%3E\" loading=\"eager\"><\/span><span class=\"fg-image-overlay\"><\/span><\/a><\/figure><div class=\"fg-loader\"><\/div><\/div><div class=\"fg-item fg-type-image fg-idle\"><figure class=\"fg-item-inner\"><a href=\"http:\/\/theatre-cancoillotte.fr\/wp-content\/uploads\/2018\/02\/toc-toc-01.jpg\" data-attachment-id=\"1931\" data-e-disable-page-transition=\"true\" data-type=\"image\" class=\"fg-thumb\"><span class=\"fg-image-wrap\"><img decoding=\"async\" width=\"150\" height=\"84\" class=\"skip-lazy fg-image\" data-src-fg=\"http:\/\/theatre-cancoillotte.fr\/wp-content\/uploads\/cache\/2018\/02\/toc-toc-01\/3519704670.jpg\" src=\"data:image\/svg+xml,%3Csvg%20xmlns%3D%22http%3A%2F%2Fwww.w3.org%2F2000%2Fsvg%22%20width%3D%22150%22%20height%3D%2284%22%20viewBox%3D%220%200%20150%2084%22%3E%3C%2Fsvg%3E\" loading=\"eager\"><\/span><span class=\"fg-image-overlay\"><\/span><\/a><\/figure><div class=\"fg-loader\"><\/div><\/div><\/div>\n","protected":false},"excerpt":{"rendered":"<p>Toc toc est une pi\u00e8ce \u00e9crite par Laurent Baffie, cr\u00e9\u00e9e en 2005 au th\u00e9\u00e2tre du Palais Royal \u00e0 Paris. Jou\u00e9e pendant plus de deux ans et demi, elle a \u00e9t\u00e9 reprise au Qu\u00e9bec et en Belgique, puis traduite et jou\u00e9e en Espagne par Juli\u00e1n Quintanilla, et en Catalogne par Jordi Galceran. R\u00e9sum\u00e9 Le Docteur Stern,Lire la suite &rarr;<\/p>\n","protected":false},"author":1,"featured_media":0,"parent":0,"menu_order":0,"comment_status":"closed","ping_status":"closed","template":"","meta":{"sfsi_plus_gutenberg_text_before_share":"","sfsi_plus_gutenberg_show_text_before_share":"","sfsi_plus_gutenberg_icon_type":"","sfsi_plus_gutenberg_icon_alignemt":"","sfsi_plus_gutenburg_max_per_row":"","footnotes":""},"class_list":["post-437","page","type-page","status-publish","hentry","no-thumb"],"_links":{"self":[{"href":"http:\/\/theatre-cancoillotte.fr\/index.php\/wp-json\/wp\/v2\/pages\/437","targetHints":{"allow":["GET"]}}],"collection":[{"href":"http:\/\/theatre-cancoillotte.fr\/index.php\/wp-json\/wp\/v2\/pages"}],"about":[{"href":"http:\/\/theatre-cancoillotte.fr\/index.php\/wp-json\/wp\/v2\/types\/page"}],"author":[{"embeddable":true,"href":"http:\/\/theatre-cancoillotte.fr\/index.php\/wp-json\/wp\/v2\/users\/1"}],"replies":[{"embeddable":true,"href":"http:\/\/theatre-cancoillotte.fr\/index.php\/wp-json\/wp\/v2\/comments?post=437"}],"version-history":[{"count":6,"href":"http:\/\/theatre-cancoillotte.fr\/index.php\/wp-json\/wp\/v2\/pages\/437\/revisions"}],"predecessor-version":[{"id":772,"href":"http:\/\/theatre-cancoillotte.fr\/index.php\/wp-json\/wp\/v2\/pages\/437\/revisions\/772"}],"wp:attachment":[{"href":"http:\/\/theatre-cancoillotte.fr\/index.php\/wp-json\/wp\/v2\/media?parent=437"}],"curies":[{"name":"wp","href":"https:\/\/api.w.org\/{rel}","templated":true}]}}