{"id":442,"date":"2018-01-26T16:13:36","date_gmt":"2018-01-26T15:13:36","guid":{"rendered":"http:\/\/theatre-cancoillotte.fr\/?page_id=442"},"modified":"2018-02-04T21:45:08","modified_gmt":"2018-02-04T20:45:08","slug":"tailleur","status":"publish","type":"page","link":"http:\/\/theatre-cancoillotte.fr\/index.php\/tailleur\/","title":{"rendered":"Tailleur pour dames"},"content":{"rendered":"<p><span style=\"color: #0000ff;\"><i><b>Tailleur pour dames<\/b><\/i><\/span> est la cinqui\u00e8me pi\u00e8ce de th\u00e9\u00e2tre de Georges Feydeau, cr\u00e9\u00e9e le <time class=\"nowrap date-lien\" datetime=\"1886-12-17\"><a title=\"17 d\u00e9cembre\" href=\"https:\/\/fr.wikipedia.org\/wiki\/17_d%C3%A9cembre\">17<\/a> d\u00e9cembre 1886<\/time> au th\u00e9\u00e2tre de la Renaissance \u00e0 Paris.<\/p>\n<p><em><strong><span style=\"color: #0000ff;\">R\u00e9sum\u00e9<\/span><\/strong><\/em><\/p>\n<p>Monsieur Moulineaux m\u00e8ne une vie particuli\u00e8rement paisible. C&rsquo;est un homme sans histoire qui appr\u00e9cie le confort bourgeois que lui procure au quotidien la compagnie de son \u00e9pouse Yvonne et de son domestique.<\/p>\n<p>Afin de se distraire, il prend du bon temps au bal de l&rsquo;Op\u00e9ra, m\u00fb \u00e9galement par le secret espoir de conqu\u00e9rir le c\u0153ur de l&rsquo;\u00e9l\u00e9gante Suzanne Aubin. Or, Cupidon ne lui a gu\u00e8re souri depuis longtemps. De plus, Yvonne commence \u00e0 avoir des doutes sur les intentions inavouables de son mari.<\/p>\n<p><em><strong><span style=\"color: #0000ff;\">Distribution \u00e0 la Cancoillotte<\/span><\/strong><\/em><\/p>\n<p>Mise en sc\u00e8ne : Pierre Arnaud<\/p>\n<p>MOULINEAUX : J\u00e9r\u00f4me Plancquaert<br \/>\nYVONNE : Constance Guilbert<br \/>\nMADAME AIGREVILLE : Sylvie Petiteau<br \/>\nAUBIN : Alexandre Gottschalk<br \/>\nSUZANNE : Fabienne Bozon<br \/>\nBASSINET : Fran\u00e7ois Gilson<br \/>\nANTOINETTE : Anne-Marie Perrot<br \/>\nROSA : Patricia Gottschalk<br \/>\nMADAME D&rsquo;HERBLAY : Odile Marcoux<br \/>\nPOMPONNETTE : Catherine Breton<\/p>\n<p><em><strong><span style=\"color: #0000ff;\">Le Flyer et les photos<\/span><\/strong><\/em><\/p>\n<style type=\"text\/css\">\n#foogallery-gallery-667.fg-masonry .fg-item { width: 150px; }\n#foogallery-gallery-667.fg-masonry { --fg-gutter: 10px; }<\/style>\n\t\t\t<div class=\"foogallery foogallery-container foogallery-masonry foogallery-lightbox-foobox fg-center fg-masonry fg-ready fg-light fg-border-thin fg-shadow-outline fg-loading-default fg-loaded-fade-in fg-caption-hover fg-hover-fade fg-hover-zoom fg-fixed\" id=\"foogallery-gallery-667\" data-foogallery=\"{&quot;item&quot;:{&quot;showCaptionTitle&quot;:true,&quot;showCaptionDescription&quot;:true},&quot;lazy&quot;:true,&quot;template&quot;:{&quot;columnWidth&quot;:150,&quot;gutter&quot;:10}}\" style=\"--fg-title-line-clamp: 0; --fg-description-line-clamp: 0;\" >\n\t\t<div class=\"fg-item fg-type-image fg-idle\"><figure class=\"fg-item-inner\"><a href=\"http:\/\/theatre-cancoillotte.fr\/wp-content\/uploads\/2018\/02\/Tailleur-Flyer-recto.jpg\" data-attachment-id=\"668\" data-e-disable-page-transition=\"true\" data-type=\"image\" class=\"fg-thumb\"><span class=\"fg-image-wrap\"><img decoding=\"async\" width=\"150\" height=\"106\" class=\"skip-lazy fg-image\" data-src-fg=\"http:\/\/theatre-cancoillotte.fr\/wp-content\/uploads\/cache\/2018\/02\/Tailleur-Flyer-recto\/2511995795.jpg\" src=\"data:image\/svg+xml,%3Csvg%20xmlns%3D%22http%3A%2F%2Fwww.w3.org%2F2000%2Fsvg%22%20width%3D%22150%22%20height%3D%22106%22%20viewBox%3D%220%200%20150%20106%22%3E%3C%2Fsvg%3E\" loading=\"eager\"><\/span><span class=\"fg-image-overlay\"><\/span><\/a><\/figure><div class=\"fg-loader\"><\/div><\/div><div class=\"fg-item fg-type-image fg-idle\"><figure class=\"fg-item-inner\"><a href=\"http:\/\/theatre-cancoillotte.fr\/wp-content\/uploads\/2018\/02\/Tailleur-Flyer-verso.jpg\" data-attachment-id=\"669\" data-e-disable-page-transition=\"true\" data-type=\"image\" class=\"fg-thumb\"><span class=\"fg-image-wrap\"><img decoding=\"async\" width=\"150\" height=\"106\" class=\"skip-lazy fg-image\" data-src-fg=\"http:\/\/theatre-cancoillotte.fr\/wp-content\/uploads\/cache\/2018\/02\/Tailleur-Flyer-verso\/3825264108.jpg\" src=\"data:image\/svg+xml,%3Csvg%20xmlns%3D%22http%3A%2F%2Fwww.w3.org%2F2000%2Fsvg%22%20width%3D%22150%22%20height%3D%22106%22%20viewBox%3D%220%200%20150%20106%22%3E%3C%2Fsvg%3E\" loading=\"eager\"><\/span><span class=\"fg-image-overlay\"><\/span><\/a><\/figure><div class=\"fg-loader\"><\/div><\/div><div class=\"fg-item fg-type-image fg-idle\"><figure class=\"fg-item-inner\"><a href=\"http:\/\/theatre-cancoillotte.fr\/wp-content\/uploads\/2018\/02\/Tailleur-04.jpg\" data-attachment-id=\"681\" data-e-disable-page-transition=\"true\" data-type=\"image\" class=\"fg-thumb\"><span class=\"fg-image-wrap\"><img decoding=\"async\" width=\"150\" height=\"100\" class=\"skip-lazy fg-image\" data-src-fg=\"http:\/\/theatre-cancoillotte.fr\/wp-content\/uploads\/cache\/2018\/02\/Tailleur-04\/3371051933.jpg\" src=\"data:image\/svg+xml,%3Csvg%20xmlns%3D%22http%3A%2F%2Fwww.w3.org%2F2000%2Fsvg%22%20width%3D%22150%22%20height%3D%22100%22%20viewBox%3D%220%200%20150%20100%22%3E%3C%2Fsvg%3E\" loading=\"eager\"><\/span><span class=\"fg-image-overlay\"><\/span><\/a><\/figure><div class=\"fg-loader\"><\/div><\/div><div class=\"fg-item fg-type-image fg-idle\"><figure class=\"fg-item-inner\"><a href=\"http:\/\/theatre-cancoillotte.fr\/wp-content\/uploads\/2018\/02\/Tailleur-03.jpg\" data-attachment-id=\"680\" data-e-disable-page-transition=\"true\" data-type=\"image\" class=\"fg-thumb\"><span class=\"fg-image-wrap\"><img decoding=\"async\" width=\"150\" height=\"100\" class=\"skip-lazy fg-image\" data-src-fg=\"http:\/\/theatre-cancoillotte.fr\/wp-content\/uploads\/cache\/2018\/02\/Tailleur-03\/1475136020.jpg\" src=\"data:image\/svg+xml,%3Csvg%20xmlns%3D%22http%3A%2F%2Fwww.w3.org%2F2000%2Fsvg%22%20width%3D%22150%22%20height%3D%22100%22%20viewBox%3D%220%200%20150%20100%22%3E%3C%2Fsvg%3E\" loading=\"eager\"><\/span><span class=\"fg-image-overlay\"><\/span><\/a><\/figure><div class=\"fg-loader\"><\/div><\/div><div class=\"fg-item fg-type-image fg-idle\"><figure class=\"fg-item-inner\"><a href=\"http:\/\/theatre-cancoillotte.fr\/wp-content\/uploads\/2018\/02\/Tailleur-02.jpg\" data-attachment-id=\"679\" data-e-disable-page-transition=\"true\" data-type=\"image\" class=\"fg-thumb\"><span class=\"fg-image-wrap\"><img decoding=\"async\" width=\"150\" height=\"100\" class=\"skip-lazy fg-image\" data-src-fg=\"http:\/\/theatre-cancoillotte.fr\/wp-content\/uploads\/cache\/2018\/02\/Tailleur-02\/752511743.jpg\" src=\"data:image\/svg+xml,%3Csvg%20xmlns%3D%22http%3A%2F%2Fwww.w3.org%2F2000%2Fsvg%22%20width%3D%22150%22%20height%3D%22100%22%20viewBox%3D%220%200%20150%20100%22%3E%3C%2Fsvg%3E\" loading=\"eager\"><\/span><span class=\"fg-image-overlay\"><\/span><\/a><\/figure><div class=\"fg-loader\"><\/div><\/div><div class=\"fg-item fg-type-image fg-idle\"><figure class=\"fg-item-inner\"><a href=\"http:\/\/theatre-cancoillotte.fr\/wp-content\/uploads\/2018\/02\/Tailleur-01.jpg\" data-attachment-id=\"678\" data-e-disable-page-transition=\"true\" data-type=\"image\" class=\"fg-thumb\"><span class=\"fg-image-wrap\"><img decoding=\"async\" width=\"150\" height=\"100\" class=\"skip-lazy fg-image\" data-src-fg=\"http:\/\/theatre-cancoillotte.fr\/wp-content\/uploads\/cache\/2018\/02\/Tailleur-01\/932349324.jpg\" src=\"data:image\/svg+xml,%3Csvg%20xmlns%3D%22http%3A%2F%2Fwww.w3.org%2F2000%2Fsvg%22%20width%3D%22150%22%20height%3D%22100%22%20viewBox%3D%220%200%20150%20100%22%3E%3C%2Fsvg%3E\" loading=\"eager\"><\/span><span class=\"fg-image-overlay\"><\/span><\/a><\/figure><div class=\"fg-loader\"><\/div><\/div><\/div>\n","protected":false},"excerpt":{"rendered":"<p>Tailleur pour dames est la cinqui\u00e8me pi\u00e8ce de th\u00e9\u00e2tre de Georges Feydeau, cr\u00e9\u00e9e le 17 d\u00e9cembre 1886 au th\u00e9\u00e2tre de la Renaissance \u00e0 Paris. R\u00e9sum\u00e9 Monsieur Moulineaux m\u00e8ne une vie particuli\u00e8rement paisible. C&rsquo;est un homme sans histoire qui appr\u00e9cie le confort bourgeois que lui procure au quotidien la compagnie de son \u00e9pouse Yvonne et deLire la suite &rarr;<\/p>\n","protected":false},"author":1,"featured_media":0,"parent":0,"menu_order":0,"comment_status":"closed","ping_status":"closed","template":"","meta":{"sfsi_plus_gutenberg_text_before_share":"","sfsi_plus_gutenberg_show_text_before_share":"","sfsi_plus_gutenberg_icon_type":"","sfsi_plus_gutenberg_icon_alignemt":"","sfsi_plus_gutenburg_max_per_row":"","footnotes":""},"class_list":["post-442","page","type-page","status-publish","hentry","no-thumb"],"_links":{"self":[{"href":"http:\/\/theatre-cancoillotte.fr\/index.php\/wp-json\/wp\/v2\/pages\/442","targetHints":{"allow":["GET"]}}],"collection":[{"href":"http:\/\/theatre-cancoillotte.fr\/index.php\/wp-json\/wp\/v2\/pages"}],"about":[{"href":"http:\/\/theatre-cancoillotte.fr\/index.php\/wp-json\/wp\/v2\/types\/page"}],"author":[{"embeddable":true,"href":"http:\/\/theatre-cancoillotte.fr\/index.php\/wp-json\/wp\/v2\/users\/1"}],"replies":[{"embeddable":true,"href":"http:\/\/theatre-cancoillotte.fr\/index.php\/wp-json\/wp\/v2\/comments?post=442"}],"version-history":[{"count":6,"href":"http:\/\/theatre-cancoillotte.fr\/index.php\/wp-json\/wp\/v2\/pages\/442\/revisions"}],"predecessor-version":[{"id":729,"href":"http:\/\/theatre-cancoillotte.fr\/index.php\/wp-json\/wp\/v2\/pages\/442\/revisions\/729"}],"wp:attachment":[{"href":"http:\/\/theatre-cancoillotte.fr\/index.php\/wp-json\/wp\/v2\/media?parent=442"}],"curies":[{"name":"wp","href":"https:\/\/api.w.org\/{rel}","templated":true}]}}