{"id":52,"date":"2017-11-27T22:52:41","date_gmt":"2017-11-27T21:52:41","guid":{"rendered":"http:\/\/www.pensee-du-jour.ovh\/cancoi\/?page_id=52"},"modified":"2018-05-28T16:56:26","modified_gmt":"2018-05-28T14:56:26","slug":"accueil","status":"publish","type":"page","link":"http:\/\/theatre-cancoillotte.fr\/index.php\/accueil\/","title":{"rendered":"Accueil"},"content":{"rendered":"<p><span style=\"color: #000080;\"><div class=\"eds-animate edsanimate-sis-hidden \" data-eds-entry-animation=\"zoomInDown\" data-eds-entry-delay=\"0\" data-eds-entry-duration=\"2\" data-eds-entry-timing=\"linear\" data-eds-exit-animation=\"\" data-eds-exit-delay=\"\" data-eds-exit-duration=\"\" data-eds-exit-timing=\"\" data-eds-repeat-count=\"1\" data-eds-keep=\"yes\" data-eds-animate-on=\"load\" data-eds-scroll-offset=\"\"><\/span><\/p>\n<p><span style=\"color: #000080;\"><img fetchpriority=\"high\" decoding=\"async\" class=\"alignnone wp-image-486\" src=\"http:\/\/theatre-cancoillotte.fr\/wp-content\/uploads\/2018\/01\/site-01-300x128.jpg\" alt=\"\" width=\"722\" height=\"308\" srcset=\"http:\/\/theatre-cancoillotte.fr\/wp-content\/uploads\/2018\/01\/site-01-300x128.jpg 300w, http:\/\/theatre-cancoillotte.fr\/wp-content\/uploads\/2018\/01\/site-01-768x327.jpg 768w, http:\/\/theatre-cancoillotte.fr\/wp-content\/uploads\/2018\/01\/site-01.jpg 1024w\" sizes=\"(max-width: 722px) 100vw, 722px\" \/><\/span><\/p>\n<h2><span style=\"color: #0000ff;\">Histoire de la Compagnie<\/span><\/h2>\n<p><span style=\"color: #333399;\">La Compagnie de la Cancoillotte est n\u00e9e en 1990 \u00e0 Besan\u00e7on\u00a0de la rencontre de deux couples d\u2019amis, qui, plut\u00f4t que de jouer au bridge, d\u00e9cid\u00e8rent de se lancer dans un projet th\u00e9\u00e2tral.<\/span><\/p>\n<p><span style=\"color: #333399;\">L\u2019un des couples, Catherine et Jean-Fran\u00e7ois Bougon, avait d\u00e9j\u00e0 v\u00e9cu cette exp\u00e9rience dans le Sud de la France et, rapidement, d\u2019autres amis vinrent grossir les rangs \u2026<\/span><\/p>\n<p><span style=\"color: #333399;\">C\u2019\u00e9tait parti pour monter la premi\u00e8re pi\u00e8ce : <a href=\"http:\/\/theatre-cancoillotte.fr\/index.php\/soupiere\/\">\u00ab La Soupi\u00e8re \u00bb<\/a>, des r\u00e9p\u00e9titions hebdomadaires, une repr\u00e9sentation unique en 1991 et un seul but : jouer pour se faire plaisir. La troupe inaugure alors son nom de sc\u00e8ne (et d\u2019association !) : \u00ab\u00a0La Compagnie de la Cancoillotte\u00a0\u00bb.<\/span><\/p>\n<p><span style=\"color: #333399;\">Les amis des amis se joignent tr\u00e8s vite aux premiers, passant souvent des rangs du public aux coulisses. D\u2019ann\u00e9e en ann\u00e9e, le succ\u00e8s grandissant, la d\u00e9cision est prise de jouer au profit d\u2019associations, une motivation de c\u0153ur pour la troupe attach\u00e9e au b\u00e9n\u00e9volat. \u00c0 ce jour, une trentaine d&rsquo;<\/span><span style=\"color: #333399;\">associations caritatives et humanitaires ont b\u00e9n\u00e9fici\u00e9 des dons issus des recettes.\u00a0<\/span><\/p>\n<p><span style=\"color: #333399;\">Pour monter le spectacle de la saison suivante, la Compagnie se r\u00e9serve juste le budget n\u00e9cessaire : locations de salles, de locaux de r\u00e9p\u00e9tition et de stockage, fabrication des d\u00e9cors et des costumes, recherche d\u2019accessoires.<\/span><\/p>\n<p><span style=\"color: #333399;\">\u00c0 l\u2019approche de ses vingt ans, la Compagnie se lance un grand d\u00e9fi : monter une op\u00e9rette : <\/span><a href=\"http:\/\/theatre-cancoillotte.fr\/index.php\/filles\/\">\u00ab Trois jeunes filles nues \u00bb<\/a>. <span style=\"color: #333399;\">Dix-huit mois de pr\u00e9paration, jusqu\u2019\u00e0 trente acteurs sur le plateau du Th\u00e9\u00e2tre Ledoux, une folle aventure pour f\u00eater un anniversaire aussi r\u00e9ussi qu&rsquo;inoubliable.\u00a0<\/span><\/p>\n<p><span style=\"color: #333399;\">Au fil du temps, spectacle apr\u00e8s spectacle, La Cancoillotte vit comme une grande famille, avec ses joies, ses peines, le d\u00e9part de certains, l\u2019arriv\u00e9e de nouveaux membres \u2026\u00a0<\/span><\/p>\n<p><span style=\"color: #333399;\">Reste intact le bonheur de jouer, d\u2019\u00eatre ensemble pour monter un projet collectif, comme demeure intact le fil conducteur qui anime la troupe depuis l&rsquo;origine, se faire plaisir et venir en aide aux autres.<\/span><\/p>\n<p><span style=\"color: #333399;\">L\u2019aventure continue, merci \u00e0 tous ceux qui l\u2019ont partag\u00e9e, dans la salle, sur la sc\u00e8ne, en coulisses et bienvenue \u00e0 tous ceux qui souhaiteraient rejoindre la Compagnie !\u00a0<\/span><\/p>\n<p>&nbsp;<\/p>\n<\/div>\n<p>&nbsp;<\/p>\n","protected":false},"excerpt":{"rendered":"<p>Histoire de la Compagnie La Compagnie de la Cancoillotte est n\u00e9e en 1990 \u00e0 Besan\u00e7on\u00a0de la rencontre de deux couples d\u2019amis, qui, plut\u00f4t que de jouer au bridge, d\u00e9cid\u00e8rent de se lancer dans un projet th\u00e9\u00e2tral. L\u2019un des couples, Catherine et Jean-Fran\u00e7ois Bougon, avait d\u00e9j\u00e0 v\u00e9cu cette exp\u00e9rience dans le Sud de la France et,Lire la suite &rarr;<\/p>\n","protected":false},"author":1,"featured_media":0,"parent":0,"menu_order":0,"comment_status":"closed","ping_status":"closed","template":"","meta":{"sfsi_plus_gutenberg_text_before_share":"","sfsi_plus_gutenberg_show_text_before_share":"","sfsi_plus_gutenberg_icon_type":"","sfsi_plus_gutenberg_icon_alignemt":"","sfsi_plus_gutenburg_max_per_row":"","footnotes":""},"class_list":["post-52","page","type-page","status-publish","hentry","no-thumb"],"_links":{"self":[{"href":"http:\/\/theatre-cancoillotte.fr\/index.php\/wp-json\/wp\/v2\/pages\/52","targetHints":{"allow":["GET"]}}],"collection":[{"href":"http:\/\/theatre-cancoillotte.fr\/index.php\/wp-json\/wp\/v2\/pages"}],"about":[{"href":"http:\/\/theatre-cancoillotte.fr\/index.php\/wp-json\/wp\/v2\/types\/page"}],"author":[{"embeddable":true,"href":"http:\/\/theatre-cancoillotte.fr\/index.php\/wp-json\/wp\/v2\/users\/1"}],"replies":[{"embeddable":true,"href":"http:\/\/theatre-cancoillotte.fr\/index.php\/wp-json\/wp\/v2\/comments?post=52"}],"version-history":[{"count":24,"href":"http:\/\/theatre-cancoillotte.fr\/index.php\/wp-json\/wp\/v2\/pages\/52\/revisions"}],"predecessor-version":[{"id":790,"href":"http:\/\/theatre-cancoillotte.fr\/index.php\/wp-json\/wp\/v2\/pages\/52\/revisions\/790"}],"wp:attachment":[{"href":"http:\/\/theatre-cancoillotte.fr\/index.php\/wp-json\/wp\/v2\/media?parent=52"}],"curies":[{"name":"wp","href":"https:\/\/api.w.org\/{rel}","templated":true}]}}