{"id":534,"date":"2018-02-01T13:57:35","date_gmt":"2018-02-01T12:57:35","guid":{"rendered":"http:\/\/theatre-cancoillotte.fr\/?page_id=534"},"modified":"2018-02-04T21:40:16","modified_gmt":"2018-02-04T20:40:16","slug":"soupiere","status":"publish","type":"page","link":"http:\/\/theatre-cancoillotte.fr\/index.php\/soupiere\/","title":{"rendered":"La soupi\u00e8re"},"content":{"rendered":"<p><em><strong><span style=\"color: #0000ff;\">La soupi\u00e8re<\/span><\/strong><\/em> est une pi\u00e8ce en deux actes de Robert Lamoureux<\/p>\n<p><em><strong><span style=\"color: #0000ff;\">R\u00e9sum\u00e9<\/span><\/strong><\/em><\/p>\n<p>Paul dirige depuis plusieurs ann\u00e9es l&rsquo;entreprise familiale de robinetterie. Mais les affaires vont mal. Tante Violette ayant d\u00e9j\u00e0 vol\u00e9 au secours de son pauvre neveu refuse de lui verser un centime de plus. Elle refuse d&rsquo;ailleurs toute tractation financi\u00e8re, m\u00eame celle de la General Motors pr\u00eate \u00e0 lui racheter ses vignobles pour y installer ses usines.<\/p>\n<p>Derni\u00e8re chance\u00a0pour Paul : se faire le porte parole de l&rsquo;entreprise am\u00e9ricaine afin de convaincre sa tante de vendre ses terres en \u00e9change de quoi, il touchera une commission. Une grosse somme d&rsquo;argent qui lui permettrait de sauver ses affaires. Mais la vieille tante ne l&rsquo;entend encore pas de cette oreille\u00a0: \u00ab\u00a0<em>Moi vivante, mes vignobles resterons fran\u00e7ais<\/em>\u00a0<em>!<\/em>\u00a0\u00bb. Devant ce refus cat\u00e9gorique, il n&rsquo;y a donc plus qu&rsquo;une chose \u00e0 faire&#8230; \u00ab\u00a0<em>casser la vieille soupi\u00e8re pour pouvoir manger la p\u00e2t\u00e9e\u00a0\u00bb<\/em>.<\/p>\n<p class=\"pw-hidden-cp\">C&rsquo;est sous cette phrase cod\u00e9e, que le monstrueux neveu envisage de supprimer sa tante pour toucher l&rsquo;h\u00e9ritage et sauver son entreprise. Pour ce faire, il trouvera en la personne de Germaine, la bonne, une oreille attentive.<\/p>\n<p><em><strong><span style=\"color: #0000ff;\">Distribution \u00e0 la Cancoillotte<\/span><\/strong><\/em><\/p>\n<p>Mise en sc\u00e8ne : Catherine Bougon<\/p>\n<p>GERMAINE LAPUY : Fran\u00e7oise d&rsquo;Arbaumont<br \/>\nCL\u00c9MENT DOUVRE : Jean-Paul Dochez<br \/>\nVIOLETTE DESIGNE : Christine de Vesvrotte<br \/>\nPAUL DUBARD : Denis Bretagne<br \/>\nH\u00c9L\u00c8NE DUBARD : Anne-Marie Laperche<br \/>\nBRIGITTE DUBARD : B\u00e9atrice Pouletty<br \/>\nJEAN-FRAN\u00c7OIS LOUIS : Louis Dromard<br \/>\nMONSIEUR LOUIS : Antoine d&rsquo;Arbaumont<br \/>\nL&rsquo;INSPECTEUR BERGER : Jean-Fran\u00e7ois Bougon<\/p>\n<p><em><strong><span style=\"color: #0000ff;\">Le Flyer<br \/>\n<\/span><\/strong><\/em><\/p>\n<style type=\"text\/css\">\n#foogallery-gallery-589.fg-masonry .fg-item { width: 150px; }\n#foogallery-gallery-589.fg-masonry { --fg-gutter: 10px; }<\/style>\n\t\t\t<div class=\"foogallery foogallery-container foogallery-masonry foogallery-lightbox-foobox fg-center fg-masonry fg-ready fg-light fg-border-thin fg-shadow-outline fg-loading-default fg-loaded-fade-in fg-caption-hover fg-hover-fade fg-hover-zoom fg-fixed\" id=\"foogallery-gallery-589\" data-foogallery=\"{&quot;item&quot;:{&quot;showCaptionTitle&quot;:true,&quot;showCaptionDescription&quot;:true},&quot;lazy&quot;:true,&quot;template&quot;:{&quot;columnWidth&quot;:150,&quot;gutter&quot;:10}}\" style=\"--fg-title-line-clamp: 0; --fg-description-line-clamp: 0;\" >\n\t\t<div class=\"fg-item fg-type-image fg-idle\"><figure class=\"fg-item-inner\"><a href=\"http:\/\/theatre-cancoillotte.fr\/wp-content\/uploads\/2018\/02\/La-soupiere-Flyer-recto.jpg\" data-attachment-id=\"587\" data-e-disable-page-transition=\"true\" data-type=\"image\" class=\"fg-thumb\"><span class=\"fg-image-wrap\"><img decoding=\"async\" width=\"150\" height=\"109\" class=\"skip-lazy fg-image\" data-src-fg=\"http:\/\/theatre-cancoillotte.fr\/wp-content\/uploads\/cache\/2018\/02\/La-soupiere-Flyer-recto\/2623312634.jpg\" src=\"data:image\/svg+xml,%3Csvg%20xmlns%3D%22http%3A%2F%2Fwww.w3.org%2F2000%2Fsvg%22%20width%3D%22150%22%20height%3D%22109%22%20viewBox%3D%220%200%20150%20109%22%3E%3C%2Fsvg%3E\" loading=\"eager\"><\/span><span class=\"fg-image-overlay\"><\/span><\/a><\/figure><div class=\"fg-loader\"><\/div><\/div><div class=\"fg-item fg-type-image fg-idle\"><figure class=\"fg-item-inner\"><a href=\"http:\/\/theatre-cancoillotte.fr\/wp-content\/uploads\/2018\/02\/La-soupiere-Flyer-verso.jpg\" data-attachment-id=\"588\" data-e-disable-page-transition=\"true\" data-type=\"image\" class=\"fg-thumb\"><span class=\"fg-image-wrap\"><img decoding=\"async\" width=\"150\" height=\"109\" class=\"skip-lazy fg-image\" data-src-fg=\"http:\/\/theatre-cancoillotte.fr\/wp-content\/uploads\/cache\/2018\/02\/La-soupiere-Flyer-verso\/4189884480.jpg\" src=\"data:image\/svg+xml,%3Csvg%20xmlns%3D%22http%3A%2F%2Fwww.w3.org%2F2000%2Fsvg%22%20width%3D%22150%22%20height%3D%22109%22%20viewBox%3D%220%200%20150%20109%22%3E%3C%2Fsvg%3E\" loading=\"eager\"><\/span><span class=\"fg-image-overlay\"><\/span><\/a><\/figure><div class=\"fg-loader\"><\/div><\/div><\/div>\n","protected":false},"excerpt":{"rendered":"<p>La soupi\u00e8re est une pi\u00e8ce en deux actes de Robert Lamoureux R\u00e9sum\u00e9 Paul dirige depuis plusieurs ann\u00e9es l&rsquo;entreprise familiale de robinetterie. Mais les affaires vont mal. Tante Violette ayant d\u00e9j\u00e0 vol\u00e9 au secours de son pauvre neveu refuse de lui verser un centime de plus. Elle refuse d&rsquo;ailleurs toute tractation financi\u00e8re, m\u00eame celle de laLire la suite &rarr;<\/p>\n","protected":false},"author":1,"featured_media":0,"parent":0,"menu_order":0,"comment_status":"closed","ping_status":"closed","template":"","meta":{"sfsi_plus_gutenberg_text_before_share":"","sfsi_plus_gutenberg_show_text_before_share":"","sfsi_plus_gutenberg_icon_type":"","sfsi_plus_gutenberg_icon_alignemt":"","sfsi_plus_gutenburg_max_per_row":"","footnotes":""},"class_list":["post-534","page","type-page","status-publish","hentry","no-thumb"],"_links":{"self":[{"href":"http:\/\/theatre-cancoillotte.fr\/index.php\/wp-json\/wp\/v2\/pages\/534","targetHints":{"allow":["GET"]}}],"collection":[{"href":"http:\/\/theatre-cancoillotte.fr\/index.php\/wp-json\/wp\/v2\/pages"}],"about":[{"href":"http:\/\/theatre-cancoillotte.fr\/index.php\/wp-json\/wp\/v2\/types\/page"}],"author":[{"embeddable":true,"href":"http:\/\/theatre-cancoillotte.fr\/index.php\/wp-json\/wp\/v2\/users\/1"}],"replies":[{"embeddable":true,"href":"http:\/\/theatre-cancoillotte.fr\/index.php\/wp-json\/wp\/v2\/comments?post=534"}],"version-history":[{"count":12,"href":"http:\/\/theatre-cancoillotte.fr\/index.php\/wp-json\/wp\/v2\/pages\/534\/revisions"}],"predecessor-version":[{"id":725,"href":"http:\/\/theatre-cancoillotte.fr\/index.php\/wp-json\/wp\/v2\/pages\/534\/revisions\/725"}],"wp:attachment":[{"href":"http:\/\/theatre-cancoillotte.fr\/index.php\/wp-json\/wp\/v2\/media?parent=534"}],"curies":[{"name":"wp","href":"https:\/\/api.w.org\/{rel}","templated":true}]}}