{"id":553,"date":"2018-02-01T14:29:09","date_gmt":"2018-02-01T13:29:09","guid":{"rendered":"http:\/\/theatre-cancoillotte.fr\/?page_id=553"},"modified":"2018-02-10T09:47:48","modified_gmt":"2018-02-10T08:47:48","slug":"important","status":"publish","type":"page","link":"http:\/\/theatre-cancoillotte.fr\/index.php\/important\/","title":{"rendered":"Il est important d&rsquo;\u00eatre aim\u00e9"},"content":{"rendered":"<p><em><strong><span style=\"color: #0000ff;\">Il est important d&rsquo;\u00eatre aim\u00e9<\/span><\/strong><\/em> est une pi\u00e8ce d&rsquo;Oscar Wilde.<\/p>\n<p><em><strong><span style=\"color: #0000ff;\">R\u00e9sum\u00e9<\/span><\/strong><\/em><\/p>\n<p>Les p\u00e9rip\u00e9ties amoureuses de deux couples \u00e0 travers des complications familiales et sociales sur fond de bourgeoisie.<\/p>\n<p>L&rsquo;action se d\u00e9roule \u00e0 Londres, \u00e0 la fin du XIX\u00b0 si\u00e8cle, et met en sc\u00e8ne deux dandys : Algernoon et Jack. Ce dernier entretient une relation avec C\u00e9cily. Mais ayant une trop forte app\u00e9tence pour les sorties nocturnes, Jack lui fait croire qu&rsquo;il poss\u00e8de un fr\u00e8re jumeau bien plus d\u00e9lur\u00e9 que lui. De ce fait il peut profiter de ses fins de semaine dans la capitale anglaise sans trop de soucis.<\/p>\n<p><em><strong><span style=\"color: #0000ff;\">Distribution \u00e0 la Cancoillotte<\/span><\/strong><\/em><\/p>\n<p>Mise en sc\u00e8ne : H\u00e9l\u00e8ne Guilbert<\/p>\n<p>ALGERNOON MONTCRIEF : Xavier Matte<br \/>\nLANE : Luc Dillies<br \/>\nJACK WORTHING : Fran\u00e7ois Gourdault-Montagne<br \/>\nLADY BRACKNELL : H\u00e9l\u00e8ne de Lachaise<br \/>\nMISS GWENDOLINE FAIRFAX : Ari\u00e8le Guinchard<br \/>\nMISS PRISM : Sylvie Petiteau<br \/>\nMISS CECILY CARDEW : Christine de Vesvrotte<br \/>\nR\u00c9V\u00c9REND CHASUBLE : Jean-Marie Marcoux<br \/>\nMERRIMAN : Fran\u00e7ois Gilson<\/p>\n<p><em><strong><span style=\"color: #0000ff;\">Affiche, flyer et photos<br \/>\n<\/span><\/strong><\/em><\/p>\n<style type=\"text\/css\">\n#foogallery-gallery-620.fg-masonry .fg-item { width: 150px; }\n#foogallery-gallery-620.fg-masonry { --fg-gutter: 10px; }<\/style>\n\t\t\t<div class=\"foogallery foogallery-container foogallery-masonry foogallery-lightbox-foobox fg-center fg-masonry fg-ready fg-light fg-border-thin fg-shadow-outline fg-loading-default fg-loaded-fade-in fg-caption-hover fg-hover-fade fg-hover-zoom fg-fixed\" id=\"foogallery-gallery-620\" data-foogallery=\"{&quot;item&quot;:{&quot;showCaptionTitle&quot;:true,&quot;showCaptionDescription&quot;:true},&quot;lazy&quot;:true,&quot;template&quot;:{&quot;columnWidth&quot;:150,&quot;gutter&quot;:10}}\" style=\"--fg-title-line-clamp: 0; --fg-description-line-clamp: 0;\" >\n\t\t<div class=\"fg-item fg-type-image fg-idle\"><figure class=\"fg-item-inner\"><a href=\"http:\/\/theatre-cancoillotte.fr\/wp-content\/uploads\/2018\/02\/Important-Affiche.jpg\" data-attachment-id=\"767\" data-e-disable-page-transition=\"true\" data-type=\"image\" class=\"fg-thumb\"><span class=\"fg-image-wrap\"><img decoding=\"async\" width=\"150\" height=\"314\" class=\"skip-lazy fg-image\" data-src-fg=\"http:\/\/theatre-cancoillotte.fr\/wp-content\/uploads\/cache\/2018\/02\/Important-Affiche\/2062329100.jpg\" src=\"data:image\/svg+xml,%3Csvg%20xmlns%3D%22http%3A%2F%2Fwww.w3.org%2F2000%2Fsvg%22%20width%3D%22150%22%20height%3D%22314%22%20viewBox%3D%220%200%20150%20314%22%3E%3C%2Fsvg%3E\" loading=\"eager\"><\/span><span class=\"fg-image-overlay\"><\/span><\/a><\/figure><div class=\"fg-loader\"><\/div><\/div><div class=\"fg-item fg-type-image fg-idle\"><figure class=\"fg-item-inner\"><a href=\"http:\/\/theatre-cancoillotte.fr\/wp-content\/uploads\/2018\/02\/Important-Flyer-recto.jpg\" data-attachment-id=\"618\" data-e-disable-page-transition=\"true\" data-type=\"image\" class=\"fg-thumb\"><span class=\"fg-image-wrap\"><img decoding=\"async\" width=\"150\" height=\"109\" class=\"skip-lazy fg-image\" data-src-fg=\"http:\/\/theatre-cancoillotte.fr\/wp-content\/uploads\/cache\/2018\/02\/Important-Flyer-recto\/3893878184.jpg\" src=\"data:image\/svg+xml,%3Csvg%20xmlns%3D%22http%3A%2F%2Fwww.w3.org%2F2000%2Fsvg%22%20width%3D%22150%22%20height%3D%22109%22%20viewBox%3D%220%200%20150%20109%22%3E%3C%2Fsvg%3E\" loading=\"eager\"><\/span><span class=\"fg-image-overlay\"><\/span><\/a><\/figure><div class=\"fg-loader\"><\/div><\/div><div class=\"fg-item fg-type-image fg-idle\"><figure class=\"fg-item-inner\"><a href=\"http:\/\/theatre-cancoillotte.fr\/wp-content\/uploads\/2018\/02\/Important-Flyer-verso.jpg\" data-attachment-id=\"740\" data-e-disable-page-transition=\"true\" data-type=\"image\" class=\"fg-thumb\"><span class=\"fg-image-wrap\"><img decoding=\"async\" width=\"150\" height=\"109\" class=\"skip-lazy fg-image\" data-src-fg=\"http:\/\/theatre-cancoillotte.fr\/wp-content\/uploads\/cache\/2018\/02\/Important-Flyer-verso\/2680393457.jpg\" src=\"data:image\/svg+xml,%3Csvg%20xmlns%3D%22http%3A%2F%2Fwww.w3.org%2F2000%2Fsvg%22%20width%3D%22150%22%20height%3D%22109%22%20viewBox%3D%220%200%20150%20109%22%3E%3C%2Fsvg%3E\" loading=\"eager\"><\/span><span class=\"fg-image-overlay\"><\/span><\/a><\/figure><div class=\"fg-loader\"><\/div><\/div><div class=\"fg-item fg-type-image fg-idle\"><figure class=\"fg-item-inner\"><a href=\"http:\/\/theatre-cancoillotte.fr\/wp-content\/uploads\/2020\/05\/Important-02.jpg\" data-attachment-id=\"1136\" data-e-disable-page-transition=\"true\" data-type=\"image\" class=\"fg-thumb\"><span class=\"fg-image-wrap\"><img decoding=\"async\" width=\"150\" height=\"212\" class=\"skip-lazy fg-image\" data-src-fg=\"http:\/\/theatre-cancoillotte.fr\/wp-content\/uploads\/cache\/2020\/05\/Important-02\/2457109260.jpg\" src=\"data:image\/svg+xml,%3Csvg%20xmlns%3D%22http%3A%2F%2Fwww.w3.org%2F2000%2Fsvg%22%20width%3D%22150%22%20height%3D%22212%22%20viewBox%3D%220%200%20150%20212%22%3E%3C%2Fsvg%3E\" loading=\"eager\"><\/span><span class=\"fg-image-overlay\"><\/span><\/a><\/figure><div class=\"fg-loader\"><\/div><\/div><div class=\"fg-item fg-type-image fg-idle\"><figure class=\"fg-item-inner\"><a href=\"http:\/\/theatre-cancoillotte.fr\/wp-content\/uploads\/2020\/05\/Important-01.jpg\" data-attachment-id=\"1135\" data-e-disable-page-transition=\"true\" data-type=\"image\" class=\"fg-thumb\"><span class=\"fg-image-wrap\"><img decoding=\"async\" width=\"150\" height=\"106\" class=\"skip-lazy fg-image\" data-src-fg=\"http:\/\/theatre-cancoillotte.fr\/wp-content\/uploads\/cache\/2020\/05\/Important-01\/3592716122.jpg\" src=\"data:image\/svg+xml,%3Csvg%20xmlns%3D%22http%3A%2F%2Fwww.w3.org%2F2000%2Fsvg%22%20width%3D%22150%22%20height%3D%22106%22%20viewBox%3D%220%200%20150%20106%22%3E%3C%2Fsvg%3E\" loading=\"eager\"><\/span><span class=\"fg-image-overlay\"><\/span><\/a><\/figure><div class=\"fg-loader\"><\/div><\/div><\/div>\n","protected":false},"excerpt":{"rendered":"<p>Il est important d&rsquo;\u00eatre aim\u00e9 est une pi\u00e8ce d&rsquo;Oscar Wilde. R\u00e9sum\u00e9 Les p\u00e9rip\u00e9ties amoureuses de deux couples \u00e0 travers des complications familiales et sociales sur fond de bourgeoisie. L&rsquo;action se d\u00e9roule \u00e0 Londres, \u00e0 la fin du XIX\u00b0 si\u00e8cle, et met en sc\u00e8ne deux dandys : Algernoon et Jack. Ce dernier entretient une relation avecLire la suite &rarr;<\/p>\n","protected":false},"author":1,"featured_media":0,"parent":0,"menu_order":0,"comment_status":"closed","ping_status":"closed","template":"","meta":{"sfsi_plus_gutenberg_text_before_share":"","sfsi_plus_gutenberg_show_text_before_share":"","sfsi_plus_gutenberg_icon_type":"","sfsi_plus_gutenberg_icon_alignemt":"","sfsi_plus_gutenburg_max_per_row":"","footnotes":""},"class_list":["post-553","page","type-page","status-publish","hentry","no-thumb"],"_links":{"self":[{"href":"http:\/\/theatre-cancoillotte.fr\/index.php\/wp-json\/wp\/v2\/pages\/553","targetHints":{"allow":["GET"]}}],"collection":[{"href":"http:\/\/theatre-cancoillotte.fr\/index.php\/wp-json\/wp\/v2\/pages"}],"about":[{"href":"http:\/\/theatre-cancoillotte.fr\/index.php\/wp-json\/wp\/v2\/types\/page"}],"author":[{"embeddable":true,"href":"http:\/\/theatre-cancoillotte.fr\/index.php\/wp-json\/wp\/v2\/users\/1"}],"replies":[{"embeddable":true,"href":"http:\/\/theatre-cancoillotte.fr\/index.php\/wp-json\/wp\/v2\/comments?post=553"}],"version-history":[{"count":4,"href":"http:\/\/theatre-cancoillotte.fr\/index.php\/wp-json\/wp\/v2\/pages\/553\/revisions"}],"predecessor-version":[{"id":768,"href":"http:\/\/theatre-cancoillotte.fr\/index.php\/wp-json\/wp\/v2\/pages\/553\/revisions\/768"}],"wp:attachment":[{"href":"http:\/\/theatre-cancoillotte.fr\/index.php\/wp-json\/wp\/v2\/media?parent=553"}],"curies":[{"name":"wp","href":"https:\/\/api.w.org\/{rel}","templated":true}]}}