{"id":555,"date":"2018-02-01T14:32:14","date_gmt":"2018-02-01T13:32:14","guid":{"rendered":"http:\/\/theatre-cancoillotte.fr\/?page_id=555"},"modified":"2018-02-10T09:57:11","modified_gmt":"2018-02-10T08:57:11","slug":"mioussov","status":"publish","type":"page","link":"http:\/\/theatre-cancoillotte.fr\/index.php\/mioussov\/","title":{"rendered":"Je veux voir Mioussov"},"content":{"rendered":"<p><span style=\"color: #0000ff;\"><i><b>Je veux voir Mioussov<\/b><\/i><\/span> est une com\u00e9die \u00e9crite par Valentin Kata\u00efev en 1947. Elle a \u00e9t\u00e9 traduite en fran\u00e7ais en 1947 par Tamara Dalmat<\/p>\n<p><em><strong><span style=\"color: #0000ff;\">R\u00e9sum\u00e9<\/span><\/strong><\/em><\/p>\n<p>Zaitsev, fonctionnaire russe, doit obtenir la signature d&rsquo;un d\u00e9nomm\u00e9 Mioussov, qui se trouve dans une maison de repos appel\u00e9e <i>Les Tournesols<\/i>.<\/p>\n<p>La com\u00e9die est bas\u00e9e sur le quiproquo\u00a0: Zaitsev cherche \u00e0 obtenir une signature de Monsieur Mioussov, alors il pr\u00e9tend \u00eatre le mari d&rsquo;une c\u00e9l\u00e8bre agronome, Klava Igniatiouk, pour entrer dans la maison de repos de ce fameux Mioussov. Or, celle-ci arrive aussi \u00e0 la maison de repos, o\u00f9 elle attend son mari. Le personnel de la maison prend le v\u00e9ritable mari pour un amant, ce qui provoque le comique de la pi\u00e8ce.<\/p>\n<p><em><strong><span style=\"color: #0000ff;\">Distribution \u00e0 la Cancoillotte<\/span><\/strong><\/em><\/p>\n<p>Mise en sc\u00e8ne : H\u00e9l\u00e8ne et Jean-Philippe Guilbert<\/p>\n<p>ZA\u00cfTSEV : Fran\u00e7ois Gourdault-Montagne<br \/>\nCHOURA : Ari\u00e8le Guinchard<br \/>\nMIOUSSOV : Jean-Marie Marcoux<br \/>\nMADAME DOUDKINA : Christine de Vesvrotte<br \/>\nPHILIPPE LE PORTIER : Christophe Gilles<br \/>\nKLAVA IGNIATIOUK : Sylvie Gilson<br \/>\nVERA KARPOVNA : H\u00e9l\u00e8ne de Lachaise<br \/>\nDOCTEUR KIRILOV : Sylvie Petiteau<br \/>\nKOSTIA GALOUCHINE : Jean-Fran\u00e7ois Guichard<br \/>\nPROFESSEUR DOUDKINE : Xavier Matte<br \/>\nROSA EREMEEVNA : Mich\u00e8le R\u00e9gnier<br \/>\nL&rsquo;INFIRMIER : Pierre Arnaud<\/p>\n<p><em><strong><span style=\"color: #0000ff;\">Affiche, flyer et photos<\/span><\/strong><\/em><\/p>\n<style type=\"text\/css\">\n#foogallery-gallery-625.fg-masonry .fg-item { width: 150px; }\n#foogallery-gallery-625.fg-masonry { --fg-gutter: 10px; }<\/style>\n\t\t\t<div class=\"foogallery foogallery-container foogallery-masonry foogallery-lightbox-foobox fg-center fg-masonry fg-ready fg-light fg-border-thin fg-shadow-outline fg-loading-default fg-loaded-fade-in fg-caption-hover fg-hover-fade fg-hover-zoom fg-fixed\" id=\"foogallery-gallery-625\" data-foogallery=\"{&quot;item&quot;:{&quot;showCaptionTitle&quot;:true,&quot;showCaptionDescription&quot;:true},&quot;lazy&quot;:true,&quot;template&quot;:{&quot;columnWidth&quot;:150,&quot;gutter&quot;:10}}\" style=\"--fg-title-line-clamp: 0; --fg-description-line-clamp: 0;\" >\n\t\t<div class=\"fg-item fg-type-image fg-idle\"><figure class=\"fg-item-inner\"><a href=\"http:\/\/theatre-cancoillotte.fr\/wp-content\/uploads\/2018\/02\/Mioussov-Affiche.jpg\" data-attachment-id=\"759\" data-e-disable-page-transition=\"true\" data-type=\"image\" class=\"fg-thumb\"><span class=\"fg-image-wrap\"><img decoding=\"async\" width=\"150\" height=\"318\" class=\"skip-lazy fg-image\" data-src-fg=\"http:\/\/theatre-cancoillotte.fr\/wp-content\/uploads\/cache\/2018\/02\/Mioussov-Affiche\/2915655296.jpg\" src=\"data:image\/svg+xml,%3Csvg%20xmlns%3D%22http%3A%2F%2Fwww.w3.org%2F2000%2Fsvg%22%20width%3D%22150%22%20height%3D%22318%22%20viewBox%3D%220%200%20150%20318%22%3E%3C%2Fsvg%3E\" loading=\"eager\"><\/span><span class=\"fg-image-overlay\"><\/span><\/a><\/figure><div class=\"fg-loader\"><\/div><\/div><div class=\"fg-item fg-type-image fg-idle\"><figure class=\"fg-item-inner\"><a href=\"http:\/\/theatre-cancoillotte.fr\/wp-content\/uploads\/2018\/02\/Mioussov-Flyer-recto.jpg\" data-attachment-id=\"623\" data-e-disable-page-transition=\"true\" data-type=\"image\" class=\"fg-thumb\"><span class=\"fg-image-wrap\"><img decoding=\"async\" width=\"150\" height=\"142\" class=\"skip-lazy fg-image\" data-src-fg=\"http:\/\/theatre-cancoillotte.fr\/wp-content\/uploads\/cache\/2018\/02\/Mioussov-Flyer-recto\/862882405.jpg\" src=\"data:image\/svg+xml,%3Csvg%20xmlns%3D%22http%3A%2F%2Fwww.w3.org%2F2000%2Fsvg%22%20width%3D%22150%22%20height%3D%22142%22%20viewBox%3D%220%200%20150%20142%22%3E%3C%2Fsvg%3E\" loading=\"eager\"><\/span><span class=\"fg-image-overlay\"><\/span><\/a><\/figure><div class=\"fg-loader\"><\/div><\/div><div class=\"fg-item fg-type-image fg-idle\"><figure class=\"fg-item-inner\"><a href=\"http:\/\/theatre-cancoillotte.fr\/wp-content\/uploads\/2018\/02\/Mioussov-Flyer-verso.jpg\" data-attachment-id=\"741\" data-e-disable-page-transition=\"true\" data-type=\"image\" class=\"fg-thumb\"><span class=\"fg-image-wrap\"><img decoding=\"async\" width=\"150\" height=\"142\" class=\"skip-lazy fg-image\" data-src-fg=\"http:\/\/theatre-cancoillotte.fr\/wp-content\/uploads\/cache\/2018\/02\/Mioussov-Flyer-verso\/646409183.jpg\" src=\"data:image\/svg+xml,%3Csvg%20xmlns%3D%22http%3A%2F%2Fwww.w3.org%2F2000%2Fsvg%22%20width%3D%22150%22%20height%3D%22142%22%20viewBox%3D%220%200%20150%20142%22%3E%3C%2Fsvg%3E\" loading=\"eager\"><\/span><span class=\"fg-image-overlay\"><\/span><\/a><\/figure><div class=\"fg-loader\"><\/div><\/div><div class=\"fg-item fg-type-image fg-idle\"><figure class=\"fg-item-inner\"><a href=\"http:\/\/theatre-cancoillotte.fr\/wp-content\/uploads\/2020\/05\/Mioussov-02.jpg\" data-attachment-id=\"1138\" data-e-disable-page-transition=\"true\" data-type=\"image\" class=\"fg-thumb\"><span class=\"fg-image-wrap\"><img decoding=\"async\" width=\"150\" height=\"212\" class=\"skip-lazy fg-image\" data-src-fg=\"http:\/\/theatre-cancoillotte.fr\/wp-content\/uploads\/cache\/2020\/05\/Mioussov-02\/4046540164.jpg\" src=\"data:image\/svg+xml,%3Csvg%20xmlns%3D%22http%3A%2F%2Fwww.w3.org%2F2000%2Fsvg%22%20width%3D%22150%22%20height%3D%22212%22%20viewBox%3D%220%200%20150%20212%22%3E%3C%2Fsvg%3E\" loading=\"eager\"><\/span><span class=\"fg-image-overlay\"><\/span><\/a><\/figure><div class=\"fg-loader\"><\/div><\/div><div class=\"fg-item fg-type-image fg-idle\"><figure class=\"fg-item-inner\"><a href=\"http:\/\/theatre-cancoillotte.fr\/wp-content\/uploads\/2020\/05\/Mioussov-01.jpg\" data-attachment-id=\"1137\" data-e-disable-page-transition=\"true\" data-type=\"image\" class=\"fg-thumb\"><span class=\"fg-image-wrap\"><img decoding=\"async\" width=\"150\" height=\"212\" class=\"skip-lazy fg-image\" data-src-fg=\"http:\/\/theatre-cancoillotte.fr\/wp-content\/uploads\/cache\/2020\/05\/Mioussov-01\/1427278867.jpg\" src=\"data:image\/svg+xml,%3Csvg%20xmlns%3D%22http%3A%2F%2Fwww.w3.org%2F2000%2Fsvg%22%20width%3D%22150%22%20height%3D%22212%22%20viewBox%3D%220%200%20150%20212%22%3E%3C%2Fsvg%3E\" loading=\"eager\"><\/span><span class=\"fg-image-overlay\"><\/span><\/a><\/figure><div class=\"fg-loader\"><\/div><\/div><\/div>\n","protected":false},"excerpt":{"rendered":"<p>Je veux voir Mioussov est une com\u00e9die \u00e9crite par Valentin Kata\u00efev en 1947. Elle a \u00e9t\u00e9 traduite en fran\u00e7ais en 1947 par Tamara Dalmat R\u00e9sum\u00e9 Zaitsev, fonctionnaire russe, doit obtenir la signature d&rsquo;un d\u00e9nomm\u00e9 Mioussov, qui se trouve dans une maison de repos appel\u00e9e Les Tournesols. La com\u00e9die est bas\u00e9e sur le quiproquo\u00a0: Zaitsev chercheLire la suite &rarr;<\/p>\n","protected":false},"author":1,"featured_media":0,"parent":0,"menu_order":0,"comment_status":"closed","ping_status":"closed","template":"","meta":{"sfsi_plus_gutenberg_text_before_share":"","sfsi_plus_gutenberg_show_text_before_share":"","sfsi_plus_gutenberg_icon_type":"","sfsi_plus_gutenberg_icon_alignemt":"","sfsi_plus_gutenburg_max_per_row":"","footnotes":""},"class_list":["post-555","page","type-page","status-publish","hentry","no-thumb"],"_links":{"self":[{"href":"http:\/\/theatre-cancoillotte.fr\/index.php\/wp-json\/wp\/v2\/pages\/555","targetHints":{"allow":["GET"]}}],"collection":[{"href":"http:\/\/theatre-cancoillotte.fr\/index.php\/wp-json\/wp\/v2\/pages"}],"about":[{"href":"http:\/\/theatre-cancoillotte.fr\/index.php\/wp-json\/wp\/v2\/types\/page"}],"author":[{"embeddable":true,"href":"http:\/\/theatre-cancoillotte.fr\/index.php\/wp-json\/wp\/v2\/users\/1"}],"replies":[{"embeddable":true,"href":"http:\/\/theatre-cancoillotte.fr\/index.php\/wp-json\/wp\/v2\/comments?post=555"}],"version-history":[{"count":6,"href":"http:\/\/theatre-cancoillotte.fr\/index.php\/wp-json\/wp\/v2\/pages\/555\/revisions"}],"predecessor-version":[{"id":776,"href":"http:\/\/theatre-cancoillotte.fr\/index.php\/wp-json\/wp\/v2\/pages\/555\/revisions\/776"}],"wp:attachment":[{"href":"http:\/\/theatre-cancoillotte.fr\/index.php\/wp-json\/wp\/v2\/media?parent=555"}],"curies":[{"name":"wp","href":"https:\/\/api.w.org\/{rel}","templated":true}]}}