{"id":561,"date":"2018-02-01T14:40:13","date_gmt":"2018-02-01T13:40:13","guid":{"rendered":"http:\/\/theatre-cancoillotte.fr\/?page_id=561"},"modified":"2018-02-10T09:58:35","modified_gmt":"2018-02-10T08:58:35","slug":"rustres","status":"publish","type":"page","link":"http:\/\/theatre-cancoillotte.fr\/index.php\/rustres\/","title":{"rendered":"Les rustres"},"content":{"rendered":"<p><span style=\"color: #0000ff;\"><i><b>Les Rustres<\/b><\/i><\/span> (<i><span class=\"lang-it\" lang=\"it\">I rusteghi<\/span><\/i>) est une pi\u00e8ce de th\u00e9\u00e2tre en trois actes de Carlo Goldoni \u00e9crite en 1760.<\/p>\n<p>La pi\u00e8ce a \u00e9t\u00e9 repr\u00e9sent\u00e9e pour la premi\u00e8re fois \u00e0 Venise au Teatro San Luca, \u00e0 la fin du carnaval de 1760 et a \u00e9t\u00e9 publi\u00e9e en 1762.<\/p>\n<p><em><strong><span style=\"color: #0000ff;\">R\u00e9sum\u00e9<\/span><\/strong><\/em><\/p>\n<p>La pi\u00e8ce d\u00e9bute avec Lucietta, fille de Lunardo, l&rsquo;un des quatre <i>Rustres<\/i>, et Margarita, \u00e9pouse de celui-ci et belle-m\u00e8re de Lucietta, qui se plaignent qu&rsquo;elles ne peuvent jamais sortir de la maison. Elles sont interrompues par l&rsquo;arriv\u00e9e de Lunardo, qui annonce qu&rsquo;il a invit\u00e9 ce soir-l\u00e0 les trois autres <i>Rustres<\/i> et leurs \u00e9pouses et rapidement, explique \u00e0 sa femme, apr\u00e8s avoir renvoy\u00e9 sa fille, l&rsquo;accord qui a \u00e9t\u00e9 conclu avec Maurizio, l&rsquo;un des autres <i>Rustres<\/i>, pour lui faire \u00e9pouser le fils de celui-ci, Felippetto. Maurizio arrive \u00e0 ce moment-l\u00e0 et parle du prochain mariage avec Lunardo, en lui disant que son fils Felippetto aimerait voir sa fille avant, demande vivement rejet\u00e9e par Lunardo.<\/p>\n<p>Dans la sc\u00e8ne 6 du premier acte, le d\u00e9cor change\u00a0: Felippetto, dans la maison de Marina, sa tante, confesse son d\u00e9sir de voir Lucietta. La tante est surprise de cette interdiction impos\u00e9e \u00e0 son neveu, qui est faite pour l&rsquo;\u00e9loigner du mari de Marina, Simon, le troisi\u00e8me <i>Rustre<\/i>, qui fait alors son apparition.<\/p>\n<p>Peu de temps apr\u00e8s une br\u00e8ve altercation entre Marina et son mari, arrivent \u00e0 leur maison Felicia, son mari Canciano (le quatri\u00e8me et dernier <i>Rustre<\/i>, soumis \u00e0 sa femme), et le comte Riccardo, ami de Felicia. Tandis que Riccardo tente d&rsquo;entamer une conversation avec le peu loquace Canciano, Felicia mise au courant des faits arrive et r\u00e9v\u00e8le un plan dont Marina a eu l&rsquo;id\u00e9e pour faire se rencontrer les deux jeunes fianc\u00e9s. Simon renvoie tout le monde chez lui maladroitement &#8230;<\/p>\n<p><em><strong><span style=\"color: #0000ff;\">Distribution \u00e0 la Cancoillotte<\/span><\/strong><\/em><\/p>\n<p>Mise en sc\u00e8ne : H\u00e9l\u00e8ne Guilbert<\/p>\n<p>MADAME FELICE : Laurence Gourdault-Montagne<br \/>\nCANCIANO : Pierre de Vesvrotte<br \/>\nLE COMTE RICCARDO : Denis Bretagne<br \/>\nMADAME MARGARITA : Catherine Cade<br \/>\nLUNARDO : Pierre Arnaud<br \/>\nLUCIETTA : B\u00e9n\u00e9dicte Matte<br \/>\nMADAME MARINA : H\u00e9l\u00e8ne de Lachaise<br \/>\nSIMON : Jean Perrot<br \/>\nFELIPETTO : V\u00e9ronique Labat<br \/>\nMAURIZIO : Patrick Vuattoux<br \/>\nLE PAPILLON : Sylvie Gilson<br \/>\nLE BOUTON DE ROSE : Marie-Dominique Bretagne<br \/>\nLA BELLE INCONNUE : Marine Bouteiller<\/p>\n<p><em><strong><span style=\"color: #0000ff;\">Affiche, flyer et photos<br \/>\n<\/span><\/strong><\/em><\/p>\n<style type=\"text\/css\">\n#foogallery-gallery-636.fg-masonry .fg-item { width: 150px; }\n#foogallery-gallery-636.fg-masonry { --fg-gutter: 10px; }<\/style>\n\t\t\t<div class=\"foogallery foogallery-container foogallery-masonry foogallery-lightbox-foobox fg-center fg-masonry fg-ready fg-light fg-border-thin fg-shadow-outline fg-loading-default fg-loaded-fade-in fg-caption-hover fg-hover-fade fg-hover-zoom fg-fixed\" id=\"foogallery-gallery-636\" data-foogallery=\"{&quot;item&quot;:{&quot;showCaptionTitle&quot;:true,&quot;showCaptionDescription&quot;:true},&quot;lazy&quot;:true,&quot;template&quot;:{&quot;columnWidth&quot;:150,&quot;gutter&quot;:10}}\" style=\"--fg-title-line-clamp: 0; --fg-description-line-clamp: 0;\" >\n\t\t<div class=\"fg-item fg-type-image fg-idle\"><figure class=\"fg-item-inner\"><a href=\"http:\/\/theatre-cancoillotte.fr\/wp-content\/uploads\/2018\/02\/Rustres-Affiche.jpg\" data-attachment-id=\"760\" data-e-disable-page-transition=\"true\" data-type=\"image\" class=\"fg-thumb\"><span class=\"fg-image-wrap\"><img decoding=\"async\" width=\"150\" height=\"311\" class=\"skip-lazy fg-image\" data-src-fg=\"http:\/\/theatre-cancoillotte.fr\/wp-content\/uploads\/cache\/2018\/02\/Rustres-Affiche\/682217765.jpg\" src=\"data:image\/svg+xml,%3Csvg%20xmlns%3D%22http%3A%2F%2Fwww.w3.org%2F2000%2Fsvg%22%20width%3D%22150%22%20height%3D%22311%22%20viewBox%3D%220%200%20150%20311%22%3E%3C%2Fsvg%3E\" loading=\"eager\"><\/span><span class=\"fg-image-overlay\"><\/span><\/a><\/figure><div class=\"fg-loader\"><\/div><\/div><div class=\"fg-item fg-type-image fg-idle\"><figure class=\"fg-item-inner\"><a href=\"http:\/\/theatre-cancoillotte.fr\/wp-content\/uploads\/2018\/02\/Les-rustres-Flyer-recto.jpg\" data-attachment-id=\"634\" data-e-disable-page-transition=\"true\" data-type=\"image\" class=\"fg-thumb\"><span class=\"fg-image-wrap\"><img decoding=\"async\" width=\"150\" height=\"109\" class=\"skip-lazy fg-image\" data-src-fg=\"http:\/\/theatre-cancoillotte.fr\/wp-content\/uploads\/cache\/2018\/02\/Les-rustres-Flyer-recto\/602186064.jpg\" src=\"data:image\/svg+xml,%3Csvg%20xmlns%3D%22http%3A%2F%2Fwww.w3.org%2F2000%2Fsvg%22%20width%3D%22150%22%20height%3D%22109%22%20viewBox%3D%220%200%20150%20109%22%3E%3C%2Fsvg%3E\" loading=\"eager\"><\/span><span class=\"fg-image-overlay\"><\/span><\/a><\/figure><div class=\"fg-loader\"><\/div><\/div><div class=\"fg-item fg-type-image fg-idle\"><figure class=\"fg-item-inner\"><a href=\"http:\/\/theatre-cancoillotte.fr\/wp-content\/uploads\/2018\/02\/Les-rustres-Flyer-verso.jpg\" data-attachment-id=\"635\" data-e-disable-page-transition=\"true\" data-type=\"image\" class=\"fg-thumb\"><span class=\"fg-image-wrap\"><img decoding=\"async\" width=\"150\" height=\"109\" class=\"skip-lazy fg-image\" data-src-fg=\"http:\/\/theatre-cancoillotte.fr\/wp-content\/uploads\/cache\/2018\/02\/Les-rustres-Flyer-verso\/1739050855.jpg\" src=\"data:image\/svg+xml,%3Csvg%20xmlns%3D%22http%3A%2F%2Fwww.w3.org%2F2000%2Fsvg%22%20width%3D%22150%22%20height%3D%22109%22%20viewBox%3D%220%200%20150%20109%22%3E%3C%2Fsvg%3E\" loading=\"eager\"><\/span><span class=\"fg-image-overlay\"><\/span><\/a><\/figure><div class=\"fg-loader\"><\/div><\/div><div class=\"fg-item fg-type-image fg-idle\"><figure class=\"fg-item-inner\"><a href=\"http:\/\/theatre-cancoillotte.fr\/wp-content\/uploads\/2020\/05\/Rustres-02.jpg\" data-attachment-id=\"1142\" data-e-disable-page-transition=\"true\" data-type=\"image\" class=\"fg-thumb\"><span class=\"fg-image-wrap\"><img decoding=\"async\" width=\"150\" height=\"212\" class=\"skip-lazy fg-image\" data-src-fg=\"http:\/\/theatre-cancoillotte.fr\/wp-content\/uploads\/cache\/2020\/05\/Rustres-02\/932357769.jpg\" src=\"data:image\/svg+xml,%3Csvg%20xmlns%3D%22http%3A%2F%2Fwww.w3.org%2F2000%2Fsvg%22%20width%3D%22150%22%20height%3D%22212%22%20viewBox%3D%220%200%20150%20212%22%3E%3C%2Fsvg%3E\" loading=\"eager\"><\/span><span class=\"fg-image-overlay\"><\/span><\/a><\/figure><div class=\"fg-loader\"><\/div><\/div><div class=\"fg-item fg-type-image fg-idle\"><figure class=\"fg-item-inner\"><a href=\"http:\/\/theatre-cancoillotte.fr\/wp-content\/uploads\/2020\/05\/Rustres-01.jpg\" data-attachment-id=\"1141\" data-e-disable-page-transition=\"true\" data-type=\"image\" class=\"fg-thumb\"><span class=\"fg-image-wrap\"><img decoding=\"async\" width=\"150\" height=\"106\" class=\"skip-lazy fg-image\" data-src-fg=\"http:\/\/theatre-cancoillotte.fr\/wp-content\/uploads\/cache\/2020\/05\/Rustres-01\/821794354.jpg\" src=\"data:image\/svg+xml,%3Csvg%20xmlns%3D%22http%3A%2F%2Fwww.w3.org%2F2000%2Fsvg%22%20width%3D%22150%22%20height%3D%22106%22%20viewBox%3D%220%200%20150%20106%22%3E%3C%2Fsvg%3E\" loading=\"eager\"><\/span><span class=\"fg-image-overlay\"><\/span><\/a><\/figure><div class=\"fg-loader\"><\/div><\/div><\/div>\n","protected":false},"excerpt":{"rendered":"<p>Les Rustres (I rusteghi) est une pi\u00e8ce de th\u00e9\u00e2tre en trois actes de Carlo Goldoni \u00e9crite en 1760. La pi\u00e8ce a \u00e9t\u00e9 repr\u00e9sent\u00e9e pour la premi\u00e8re fois \u00e0 Venise au Teatro San Luca, \u00e0 la fin du carnaval de 1760 et a \u00e9t\u00e9 publi\u00e9e en 1762. R\u00e9sum\u00e9 La pi\u00e8ce d\u00e9bute avec Lucietta, fille de Lunardo,Lire la suite &rarr;<\/p>\n","protected":false},"author":1,"featured_media":0,"parent":0,"menu_order":0,"comment_status":"closed","ping_status":"closed","template":"","meta":{"sfsi_plus_gutenberg_text_before_share":"","sfsi_plus_gutenberg_show_text_before_share":"","sfsi_plus_gutenberg_icon_type":"","sfsi_plus_gutenberg_icon_alignemt":"","sfsi_plus_gutenburg_max_per_row":"","footnotes":""},"class_list":["post-561","page","type-page","status-publish","hentry","no-thumb"],"_links":{"self":[{"href":"http:\/\/theatre-cancoillotte.fr\/index.php\/wp-json\/wp\/v2\/pages\/561","targetHints":{"allow":["GET"]}}],"collection":[{"href":"http:\/\/theatre-cancoillotte.fr\/index.php\/wp-json\/wp\/v2\/pages"}],"about":[{"href":"http:\/\/theatre-cancoillotte.fr\/index.php\/wp-json\/wp\/v2\/types\/page"}],"author":[{"embeddable":true,"href":"http:\/\/theatre-cancoillotte.fr\/index.php\/wp-json\/wp\/v2\/users\/1"}],"replies":[{"embeddable":true,"href":"http:\/\/theatre-cancoillotte.fr\/index.php\/wp-json\/wp\/v2\/comments?post=561"}],"version-history":[{"count":5,"href":"http:\/\/theatre-cancoillotte.fr\/index.php\/wp-json\/wp\/v2\/pages\/561\/revisions"}],"predecessor-version":[{"id":777,"href":"http:\/\/theatre-cancoillotte.fr\/index.php\/wp-json\/wp\/v2\/pages\/561\/revisions\/777"}],"wp:attachment":[{"href":"http:\/\/theatre-cancoillotte.fr\/index.php\/wp-json\/wp\/v2\/media?parent=561"}],"curies":[{"name":"wp","href":"https:\/\/api.w.org\/{rel}","templated":true}]}}