{"id":565,"date":"2018-02-01T14:47:07","date_gmt":"2018-02-01T13:47:07","guid":{"rendered":"http:\/\/theatre-cancoillotte.fr\/?page_id=565"},"modified":"2020-05-07T19:55:10","modified_gmt":"2020-05-07T17:55:10","slug":"tierce","status":"publish","type":"page","link":"http:\/\/theatre-cancoillotte.fr\/index.php\/tierce\/","title":{"rendered":"Tierc\u00e9 gagnant"},"content":{"rendered":"<p><em><strong><span style=\"color: #0000ff;\">Tierc\u00e9 gagnant<\/span><\/strong><\/em> est une pi\u00e8ce de John Chapman et Ray Cooney.<\/p>\n<p><em><strong><span style=\"color: #0000ff;\">R\u00e9sum\u00e9<\/span><\/strong><\/em><\/p>\n<p class=\"copy-paste-block\">Au galop, trois truands s&rsquo;installent dans un vieil h\u00f4tel, proche du champ de courses de Chantilly, dans le but de truquer la course, kidnapper le jockey et son cheval, favoris du tierc\u00e9 !<\/p>\n<p><em><strong><span style=\"color: #0000ff;\">Distribution \u00e0 la Cancoillotte<\/span><\/strong><\/em><\/p>\n<p>Mise en sc\u00e8ne : Mich\u00e8le R\u00e9gnier<\/p>\n<p>COLONEL HENRI DE LA HAYE : Denis Bretagne<br \/>\nADRIENNE DE LA HAYE : H\u00e9l\u00e8ne Guilbert<br \/>\nANNA PR\u00c9VOUX : Ari\u00e8le Guinchard<br \/>\nLAURE DE LA HAYE : Catherine Cade<br \/>\nJULIEN DESBORDS : Patrick Vuattoux<br \/>\nANGE PITOU : Pierre Arnaud<br \/>\nTONY LA FRIME : Jean Perrot<br \/>\nALAN GLOUCESTER : Christine de Vesvrotte<br \/>\nSERGENT BRIGITTE FEU : Monique Cordier<\/p>\n<p><em><strong><span style=\"color: #0000ff;\">Le Flyer et les photos<br \/>\n<\/span><\/strong><\/em><\/p>\n<style type=\"text\/css\">\n#foogallery-gallery-641.fg-masonry .fg-item { width: 150px; }\n#foogallery-gallery-641.fg-masonry { --fg-gutter: 10px; }<\/style>\n\t\t\t<div class=\"foogallery foogallery-container foogallery-masonry foogallery-lightbox-foobox fg-center fg-masonry fg-ready fg-light fg-border-thin fg-shadow-outline fg-loading-default fg-loaded-fade-in fg-caption-hover fg-hover-fade fg-hover-zoom fg-fixed\" id=\"foogallery-gallery-641\" data-foogallery=\"{&quot;item&quot;:{&quot;showCaptionTitle&quot;:true,&quot;showCaptionDescription&quot;:true},&quot;lazy&quot;:true,&quot;template&quot;:{&quot;columnWidth&quot;:150,&quot;gutter&quot;:10}}\" style=\"--fg-title-line-clamp: 0; --fg-description-line-clamp: 0;\" >\n\t\t<div class=\"fg-item fg-type-image fg-idle\"><figure class=\"fg-item-inner\"><a href=\"http:\/\/theatre-cancoillotte.fr\/wp-content\/uploads\/2018\/02\/Tierce-Flyer-recto.jpg\" data-attachment-id=\"639\" data-e-disable-page-transition=\"true\" data-type=\"image\" class=\"fg-thumb\"><span class=\"fg-image-wrap\"><img decoding=\"async\" width=\"150\" height=\"109\" class=\"skip-lazy fg-image\" data-src-fg=\"http:\/\/theatre-cancoillotte.fr\/wp-content\/uploads\/cache\/2018\/02\/Tierce-Flyer-recto\/913212587.jpg\" src=\"data:image\/svg+xml,%3Csvg%20xmlns%3D%22http%3A%2F%2Fwww.w3.org%2F2000%2Fsvg%22%20width%3D%22150%22%20height%3D%22109%22%20viewBox%3D%220%200%20150%20109%22%3E%3C%2Fsvg%3E\" loading=\"eager\"><\/span><span class=\"fg-image-overlay\"><\/span><\/a><\/figure><div class=\"fg-loader\"><\/div><\/div><div class=\"fg-item fg-type-image fg-idle\"><figure class=\"fg-item-inner\"><a href=\"http:\/\/theatre-cancoillotte.fr\/wp-content\/uploads\/2018\/02\/Tierce-Flyer-verso.jpg\" data-attachment-id=\"743\" data-e-disable-page-transition=\"true\" data-type=\"image\" class=\"fg-thumb\"><span class=\"fg-image-wrap\"><img decoding=\"async\" width=\"150\" height=\"109\" class=\"skip-lazy fg-image\" data-src-fg=\"http:\/\/theatre-cancoillotte.fr\/wp-content\/uploads\/cache\/2018\/02\/Tierce-Flyer-verso\/3036790335.jpg\" src=\"data:image\/svg+xml,%3Csvg%20xmlns%3D%22http%3A%2F%2Fwww.w3.org%2F2000%2Fsvg%22%20width%3D%22150%22%20height%3D%22109%22%20viewBox%3D%220%200%20150%20109%22%3E%3C%2Fsvg%3E\" loading=\"eager\"><\/span><span class=\"fg-image-overlay\"><\/span><\/a><\/figure><div class=\"fg-loader\"><\/div><\/div><div class=\"fg-item fg-type-image fg-idle\"><figure class=\"fg-item-inner\"><a href=\"http:\/\/theatre-cancoillotte.fr\/wp-content\/uploads\/2020\/05\/Tierce-01.jpg\" data-attachment-id=\"1143\" data-e-disable-page-transition=\"true\" data-type=\"image\" class=\"fg-thumb\"><span class=\"fg-image-wrap\"><img decoding=\"async\" width=\"150\" height=\"106\" class=\"skip-lazy fg-image\" data-src-fg=\"http:\/\/theatre-cancoillotte.fr\/wp-content\/uploads\/cache\/2020\/05\/Tierce-01\/3340913181.jpg\" src=\"data:image\/svg+xml,%3Csvg%20xmlns%3D%22http%3A%2F%2Fwww.w3.org%2F2000%2Fsvg%22%20width%3D%22150%22%20height%3D%22106%22%20viewBox%3D%220%200%20150%20106%22%3E%3C%2Fsvg%3E\" loading=\"eager\"><\/span><span class=\"fg-image-overlay\"><\/span><\/a><\/figure><div class=\"fg-loader\"><\/div><\/div><\/div>\n","protected":false},"excerpt":{"rendered":"<p>Tierc\u00e9 gagnant est une pi\u00e8ce de John Chapman et Ray Cooney. R\u00e9sum\u00e9 Au galop, trois truands s&rsquo;installent dans un vieil h\u00f4tel, proche du champ de courses de Chantilly, dans le but de truquer la course, kidnapper le jockey et son cheval, favoris du tierc\u00e9 ! Distribution \u00e0 la Cancoillotte Mise en sc\u00e8ne : Mich\u00e8le R\u00e9gnierLire la suite &rarr;<\/p>\n","protected":false},"author":1,"featured_media":0,"parent":0,"menu_order":0,"comment_status":"closed","ping_status":"closed","template":"","meta":{"sfsi_plus_gutenberg_text_before_share":"","sfsi_plus_gutenberg_show_text_before_share":"","sfsi_plus_gutenberg_icon_type":"","sfsi_plus_gutenberg_icon_alignemt":"","sfsi_plus_gutenburg_max_per_row":"","footnotes":""},"class_list":["post-565","page","type-page","status-publish","hentry","no-thumb"],"_links":{"self":[{"href":"http:\/\/theatre-cancoillotte.fr\/index.php\/wp-json\/wp\/v2\/pages\/565","targetHints":{"allow":["GET"]}}],"collection":[{"href":"http:\/\/theatre-cancoillotte.fr\/index.php\/wp-json\/wp\/v2\/pages"}],"about":[{"href":"http:\/\/theatre-cancoillotte.fr\/index.php\/wp-json\/wp\/v2\/types\/page"}],"author":[{"embeddable":true,"href":"http:\/\/theatre-cancoillotte.fr\/index.php\/wp-json\/wp\/v2\/users\/1"}],"replies":[{"embeddable":true,"href":"http:\/\/theatre-cancoillotte.fr\/index.php\/wp-json\/wp\/v2\/comments?post=565"}],"version-history":[{"count":6,"href":"http:\/\/theatre-cancoillotte.fr\/index.php\/wp-json\/wp\/v2\/pages\/565\/revisions"}],"predecessor-version":[{"id":1144,"href":"http:\/\/theatre-cancoillotte.fr\/index.php\/wp-json\/wp\/v2\/pages\/565\/revisions\/1144"}],"wp:attachment":[{"href":"http:\/\/theatre-cancoillotte.fr\/index.php\/wp-json\/wp\/v2\/media?parent=565"}],"curies":[{"name":"wp","href":"https:\/\/api.w.org\/{rel}","templated":true}]}}